{"id":1498,"date":"2015-05-29T09:57:41","date_gmt":"2015-05-29T07:57:41","guid":{"rendered":"https:\/\/biblioteca.tianat.cat\/?page_id=1498"},"modified":"2022-05-18T18:43:52","modified_gmt":"2022-05-18T16:43:52","slug":"serveis","status":"publish","type":"page","link":"https:\/\/biblioteca.tianat.cat\/?page_id=1498","title":{"rendered":"Els serveis de la biblioteca"},"content":{"rendered":"<p>La Xarxa de Biblioteques Municipals ofereix tot un univers de serveis pensats per a tots els p\u00fablics i centrats en el pr\u00e9stec, informaci\u00f3, acc\u00e9s a noves tecnologies, aprenentatge i entreteniment. Recorda que per poder gaudir-ne sense limitacions, has de tenir el <a href=\"http:\/\/aladi.diba.cat\/screens*cat\/formulari3_cat.html\" target=\"_blank\"><strong>carnet de la biblioteca<\/strong><\/a>. Podeu consultar el <a href=\"https:\/\/biblioteca.tianat.cat\/wp-content\/uploads\/2015\/05\/reglamentdus.pdf\" target=\"_blank\"><strong>reglament d&#8217;\u00fas<\/strong><\/a> de Can Baratau i la <a href=\"http:\/\/bibliotecavirtual.diba.cat\/detall-biblioteca\/-\/journal_content\/56_INSTANCE_2r6Q\/351599\/423096?p_r_p_1257239160_cids=351703&amp;p_r_p_-1254901832_lid=47607837\" target=\"_blank\"><strong>Biblioteca virtual<\/strong><\/a> per fer totes les gestions on-line.<br \/>\n<div class=\"tx-row\">\n<div class=\"tx-column tx-column-size-1-3\">\n<ul>\n<li><a href=\"http:\/\/bibliotecavirtual.diba.cat\/detall-servei\/-\/detall\/AZ9m\/SERVEI_BIBLIOTECA\/10934\/1802858?cids=351703\" target=\"_blank\">Audiollibres<\/a><\/li>\n<li><a href=\"http:\/\/bibliotecavirtual.diba.cat\/detall-servei\/-\/detall\/AZ9m\/SERVEI_BIBLIOTECA\/10934\/453201?cids=351703\" target=\"_blank\">Acollida a persones nouvingudes<\/a><\/li>\n<li><a href=\"http:\/\/bibliotecavirtual.diba.cat\/detall-servei\/-\/detall\/AZ9m\/SERVEI_BIBLIOTECA\/10934\/454271?cids=351703\" target=\"_blank\">Activitats infantils i familiars<\/a><\/li>\n<li><a href=\"http:\/\/bibliotecavirtual.diba.cat\/detall-servei\/-\/detall\/AZ9m\/SERVEI_BIBLIOTECA\/10934\/454262?cids=351703\" target=\"_blank\">Activitats per a adults<\/a><\/li>\n<li><a href=\"http:\/\/bibliotecavirtual.diba.cat\/detall-servei\/-\/detall\/AZ9m\/SERVEI_BIBLIOTECA\/10934\/454262?cids=351703\" target=\"_blank\">B\u00fastia de retorn<\/a><\/li>\n<li><a href=\"http:\/\/bibliotecavirtual.diba.cat\/detall-servei\/-\/detall\/AZ9m\/SERVEI_BIBLIOTECA\/10934\/449391?cids=351703\" target=\"_blank\">Consulta de bases de dades<\/a><\/li>\n<li><a href=\"http:\/\/bibliotecavirtual.diba.cat\/detall-servei\/-\/detall\/AZ9m\/SERVEI_BIBLIOTECA\/10934\/451088?cids=351703\" target=\"_blank\">Cursos i tallers<\/a><\/li>\n<li><a href=\"http:\/\/bibliotecavirtual.diba.cat\/detall-servei\/-\/detall\/AZ9m\/SERVEI_BIBLIOTECA\/10934\/444722?cids=351703\" target=\"_blank\">Informaci\u00f3 local<\/a><\/li>\n<li><a href=\"http:\/\/bibliotecavirtual.diba.cat\/detall-servei\/-\/detall\/AZ9m\/SERVEI_BIBLIOTECA\/10934\/444705?cids=351703\" target=\"_blank\">Informaci\u00f3<\/a><\/li>\n<\/ul>\n<\/div>\n<div class=\"tx-column tx-column-size-1-3\">\n<ul>\n<li><a href=\"http:\/\/bibliotecavirtual.diba.cat\/detall-servei\/-\/detall\/AZ9m\/SERVEI_BIBLIOTECA\/10934\/6919109?cids=351703\" target=\"_blank\">Pregunta a la biblioteca<\/a><\/li>\n<li><a href=\"http:\/\/bibliotecavirtual.diba.cat\/detall-servei\/-\/detall\/AZ9m\/SERVEI_BIBLIOTECA\/10934\/453603?cids=351703\" target=\"_blank\">Pr\u00e9stec interbibliotecari<\/a><\/li>\n<li><a href=\"http:\/\/bibliotecavirtual.diba.cat\/detall-servei\/-\/detall\/AZ9m\/SERVEI_BIBLIOTECA\/10934\/449427?cids=351703\" target=\"_blank\">Proposa una compra<\/a><\/li>\n<li><a href=\"http:\/\/bibliotecavirtual.diba.cat\/detall-servei\/-\/detall\/AZ9m\/SERVEI_BIBLIOTECA\/10934\/453280?cids=351703\" target=\"_blank\">Rac\u00f3 de\u00a0fam\u00edlies<\/a><\/li>\n<li><a href=\"http:\/\/bibliotecavirtual.diba.cat\/detall-servei\/-\/detall\/AZ9m\/SERVEI_BIBLIOTECA\/10934\/453592?cids=351703\" target=\"_blank\">Renovaci\u00f3 de documents<\/a><\/li>\n<li><a href=\"http:\/\/bibliotecavirtual.diba.cat\/detall-servei\/-\/detall\/AZ9m\/SERVEI_BIBLIOTECA\/10934\/453583?cids=351703\" target=\"_blank\">Reserva de documents<\/a><\/li>\n<li><a href=\"http:\/\/bibliotecavirtual.diba.cat\/detall-servei\/-\/detall\/AZ9m\/SERVEI_BIBLIOTECA\/10934\/1802074?cids=351703\" target=\"_blank\">Reserva d&#8217;ordinadors<\/a><\/li>\n<li><a href=\"http:\/\/bibliotecavirtual.diba.cat\/detall-servei\/-\/detall\/AZ9m\/SERVEI_BIBLIOTECA\/10934\/453516?cids=351703\" target=\"_blank\">Serveis a entitats<\/a><\/li>\n<\/ul>\n<\/div><div class=\"tx-column tx-column-size-1-3\">\n<ul>\n<li><a href=\"http:\/\/bibliotecavirtual.diba.cat\/detall-servei\/-\/detall\/AZ9m\/SERVEI_BIBLIOTECA\/10934\/453210?cids=351703\" target=\"_blank\">Serveis a escoles<\/a><\/li>\n<li><a href=\"http:\/\/bibliotecavirtual.diba.cat\/detall-servei\/-\/detall\/AZ9m\/SERVEI_BIBLIOTECA\/10934\/450714?cids=351703\" target=\"_blank\">Visites guiades<\/a><\/li>\n<li><a href=\"http:\/\/bibliotecavirtual.diba.cat\/detall-servei\/-\/detall\/AZ9m\/SERVEI_BIBLIOTECA\/10934\/451072?cids=351703\" target=\"_blank\">Wi-Fi<\/a><\/li>\n<li><a href=\"http:\/\/bibliotecavirtual.diba.cat\/detall-servei\/-\/detall\/AZ9m\/SERVEI_BIBLIOTECA\/10934\/453384?cids=351703\" target=\"_blank\">Nascuts per llegir<\/a><\/li>\n<li><a href=\"http:\/\/bibliotecavirtual.diba.cat\/detall-servei\/-\/detall\/AZ9m\/SERVEI_BIBLIOTECA\/10934\/1802285?cids=351703\" target=\"_blank\">Butlletins electr\u00f2nics<\/a><\/li>\n<li><a href=\"http:\/\/bibliotecavirtual.diba.cat\/detall-servei\/-\/detall\/AZ9m\/SERVEI_BIBLIOTECA\/10934\/450753?cids=351703\" target=\"_blank\">Internet i +<\/a><\/li>\n<li><a href=\"http:\/\/bibliotecavirtual.diba.cat\/detall-servei\/-\/detall\/AZ9m\/SERVEI_BIBLIOTECA\/10934\/464131?cids=351703\" target=\"_blank\">Clubs de lectura<\/a><\/li>\n<li><a href=\"http:\/\/bibliotecavirtual.diba.cat\/detall-servei\/-\/detall\/AZ9m\/SERVEI_BIBLIOTECA\/10934\/453574?cids=351703\" target=\"_blank\">Pr\u00e9stec<\/a><\/li>\n<\/ul>\n<\/div>\n<\/div>\n","protected":false},"excerpt":{"rendered":"<p>La Xarxa de Biblioteques Municipals ofereix tot un univers de serveis pensats per a tots els p\u00fablics i centrats en el pr\u00e9stec, informaci\u00f3, acc\u00e9s a noves tecnologies, aprenentatge i entreteniment. Recorda que<a class=\"moretag\" href=\"https:\/\/biblioteca.tianat.cat\/?page_id=1498\">Read More&#8230;<\/a><\/p>\n","protected":false},"author":1,"featured_media":0,"parent":2041,"menu_order":0,"comment_status":"closed","ping_status":"closed","template":"page-sidebar.php","meta":[],"_links":{"self":[{"href":"https:\/\/biblioteca.tianat.cat\/index.php?rest_route=\/wp\/v2\/pages\/1498"}],"collection":[{"href":"https:\/\/biblioteca.tianat.cat\/index.php?rest_route=\/wp\/v2\/pages"}],"about":[{"href":"https:\/\/biblioteca.tianat.cat\/index.php?rest_route=\/wp\/v2\/types\/page"}],"author":[{"embeddable":true,"href":"https:\/\/biblioteca.tianat.cat\/index.php?rest_route=\/wp\/v2\/users\/1"}],"replies":[{"embeddable":true,"href":"https:\/\/biblioteca.tianat.cat\/index.php?rest_route=%2Fwp%2Fv2%2Fcomments&post=1498"}],"version-history":[{"count":20,"href":"https:\/\/biblioteca.tianat.cat\/index.php?rest_route=\/wp\/v2\/pages\/1498\/revisions"}],"predecessor-version":[{"id":9156,"href":"https:\/\/biblioteca.tianat.cat\/index.php?rest_route=\/wp\/v2\/pages\/1498\/revisions\/9156"}],"up":[{"embeddable":true,"href":"https:\/\/biblioteca.tianat.cat\/index.php?rest_route=\/wp\/v2\/pages\/2041"}],"wp:attachment":[{"href":"https:\/\/biblioteca.tianat.cat\/index.php?rest_route=%2Fwp%2Fv2%2Fmedia&parent=1498"}],"curies":[{"name":"wp","href":"https:\/\/api.w.org\/{rel}","templated":true}]}}