{"id":1839,"date":"2015-06-17T11:50:33","date_gmt":"2015-06-17T09:50:33","guid":{"rendered":"https:\/\/biblioteca.tianat.cat\/?page_id=1839"},"modified":"2025-07-16T18:31:29","modified_gmt":"2025-07-16T16:31:29","slug":"els-culdolla","status":"publish","type":"page","link":"https:\/\/biblioteca.tianat.cat\/?page_id=1839","title":{"rendered":"Club del gomet vermell: Club de lectura infantil"},"content":{"rendered":"<div class=\"tx-row\">\n<div class=\"tx-column tx-column-size-1-3\">\n<h3>Qu\u00e8 \u00e8s El club del gomet vermell?<\/h3>\n<p>El Club del gomet vermell \u00e9s un Club de lectura mensual adre\u00e7at a nens i nenes entre 7 i\u00a09 anys. El nostre objectiu \u00e9s el de crear un grup din\u00e0mic on llegim llibres, els comentem i fem activitats dinamitzadores que ens faran passar una estona ben divertida i ens ajudaran a fer amics.<\/p>\n<p>Si t&#8217;agrada llegir, vols endinsar-te en hist\u00f2ries fant\u00e0stiques i compartir amb companys i companyes les teves lectures, no t&#8217;ho pensis m\u00e9s! Aquest \u00e9s el teu club.<\/p>\n<p>El club el coordina la Marta Huguet. Les trobades seran sempre <strong>cada segon divendres de mes, a les 17 h.<\/strong><br \/>\n<\/div>\n<div class=\"tx-column tx-column-size-1-3\">\n<h3>Agenda curs 2025-2026:<\/h3>\n<p>&#8211; <em>El m\u00f3n de la Max, <\/em>de Jacques Goldstyn. 19 de setembre 2025<br \/>\n<em>&#8211; La iaia no hi toca,<\/em> de Jos\u00e9 Ignacio Valenzuela. 10 d&#8217;octubre 2025<br \/>\n&#8211; <em>Res no \u00e9s com diuen els contes,<\/em> d&#8217;Anna Tortajada. 21 de novembre 2025<br \/>\n&#8211; <em>La llista d&#8217;aniversari<\/em>, d&#8217;Anna Manso. 12 de desembre 2025<br \/>\n&#8211; <em>El prime cas,<\/em> d&#8217;Ulf Nilsson. 9 de gener 2026<br \/>\n&#8211; <em>Tortuga<\/em>, d&#8217;Alba Domingo.\u00a0 13 de febrer 2026<br \/>\n&#8211; <em>\u00c0nec coix, gallina cega, <\/em>d&#8217;Ulrich Hub. 13 de mar\u00e7 2026<br \/>\n&#8211; <em>La can\u00e7\u00f3 de l&#8217;ocell toc<\/em>, de Fran Pintadera. 10 d&#8217;abril 2026<br \/>\n&#8211; <em>L&#8217;Olga i el crit del bosc,<\/em> de Laure Monlobou. 8 de maig 2026<br \/>\n&#8211; <em>En Marc i en Moha,<\/em> de Kim Fupz Aakeson. 12 de juny 2026<\/p>\n<\/div>\n<div class=\"tx-column tx-column-size-1-3\">\n<h3>Com hi participo?<\/h3>\n<p>\u00c9s una activitat gratu\u00efta, per\u00f2 es demana comprom\u00eds d&#8217;assist\u00e8ncia.<\/p>\n<p>Les preinscripcions s&#8217;han d&#8217;introduir<br \/>\n<a href=\"https:\/\/docs.google.com\/forms\/d\/e\/1FAIpQLSclTne-6H-_oD6StMMCEFnUeMZNVB-3Io_n1z3n4Npa0bQtJw\/viewform?usp=header\"><strong>al seg\u00fcent formulari<\/strong><\/a>.<\/p>\n<p>S&#8217;enviar\u00e0 per correu electr\u00f2nic una confirmaci\u00f3 a les persones inscrites.<\/p>\n<\/div>\n<\/div>\n<div class=\"tx-divider clearfix\" style=\"margin-top: 10px;margin-bottom: 10px\"><\/div>\n<h3>Les properes sessions<\/h3>\n<div class=\"tx-blog tx-post-row tx-masonry\"><div class=\"tx-blog-item tx-post-col-4\"><div class=\"tx-border-box\"><div class=\"tx-blog-img\"><a href=\"https:\/\/biblioteca.tianat.cat\/wp-content\/uploads\/2026\/03\/CLUB-DE-LECTURA-GOMET-VERMELL-bv.jpg\" class=\"tx-colorbox\"><img src=\"https:\/\/biblioteca.tianat.cat\/wp-content\/uploads\/2026\/03\/CLUB-DE-LECTURA-GOMET-VERMELL-bv-600x360.jpg\" alt=\"\" class=\"blog-image\" \/><\/a><span class=\"tx-post-comm\"><span>0<\/span><\/span><\/div><div class=\"tx-post-content\"><h3 class=\"tx-post-title\"><a href=\"https:\/\/biblioteca.tianat.cat\/?p=12389\">La can\u00e7\u00f3 de l&#8217;ocell toc, de Fran Pintadera<\/a><\/h3><div style=\"height: 16px;\"><\/div><div class=\"tx-blog-content\">Divendres 9 d&#8217;abril a les 17 h. Comencem aquest mes d&#8217;abril amb una nova trobada del club de lectura per a infants gomet vermell, en la que parlarem del llibre de Fran<a class=\"moretag\" href=\"https:\/\/biblioteca.tianat.cat\/?p=12389\">Read More...<\/a><\/div><div class=\"tx-meta\"><span class=\"tx-author\">By : <a href=\"https:\/\/biblioteca.tianat.cat\/?author=4\">Marta Huguet<\/a><\/span><span class=\"tx-date\"> | mar\u00e7 28, 2026<\/span><\/div><\/div><\/div><\/div><div class=\"tx-blog-item tx-post-col-4\"><div class=\"tx-border-box\"><div class=\"tx-blog-img\"><a href=\"https:\/\/biblioteca.tianat.cat\/wp-content\/uploads\/2026\/02\/CLUB-DE-LECTURA-INFANTIL.jpg\" class=\"tx-colorbox\"><img src=\"https:\/\/biblioteca.tianat.cat\/wp-content\/uploads\/2026\/02\/CLUB-DE-LECTURA-INFANTIL-600x360.jpg\" alt=\"\" class=\"blog-image\" \/><\/a><span class=\"tx-post-comm\"><span>0<\/span><\/span><\/div><div class=\"tx-post-content\"><h3 class=\"tx-post-title\"><a href=\"https:\/\/biblioteca.tianat.cat\/?p=12345\">\u00c0nec coix, gallina cega d&#8217;Ulrich Hub<\/a><\/h3><div style=\"height: 16px;\"><\/div><div class=\"tx-blog-content\">Divendres 13 de mar\u00e7 a les 17 h. Un nou mes, una nova trobada del club de lectura del gomet vermell. Aquest divendres ens endinsarem en el llibre: \u00c0nec coix, gallina cega,<a class=\"moretag\" href=\"https:\/\/biblioteca.tianat.cat\/?p=12345\">Read More...<\/a><\/div><div class=\"tx-meta\"><span class=\"tx-author\">By : <a href=\"https:\/\/biblioteca.tianat.cat\/?author=4\">Marta Huguet<\/a><\/span><span class=\"tx-date\"> | febr. 26, 2026<\/span><\/div><\/div><\/div><\/div><div class=\"tx-blog-item tx-post-col-4\"><div class=\"tx-border-box\"><div class=\"tx-blog-img\"><a href=\"https:\/\/biblioteca.tianat.cat\/wp-content\/uploads\/2026\/02\/tortuga.jpg\" class=\"tx-colorbox\"><img src=\"https:\/\/biblioteca.tianat.cat\/wp-content\/uploads\/2026\/02\/tortuga-600x360.jpg\" alt=\"\" class=\"blog-image\" \/><\/a><span class=\"tx-post-comm\"><span>0<\/span><\/span><\/div><div class=\"tx-post-content\"><h3 class=\"tx-post-title\"><a href=\"https:\/\/biblioteca.tianat.cat\/?p=12295\">Tortuga, d&#8217;Alba Domingo<\/a><\/h3><div style=\"height: 16px;\"><\/div><div class=\"tx-blog-content\">Divendres 13 de febrer a les 17 h. Aquest divendres tenim una nova sessi\u00f3 del club de lectura del gomet vermell on compartirem la lectura del llibre d&#8217;Alba Domingo, Tortuga. En moltes<a class=\"moretag\" href=\"https:\/\/biblioteca.tianat.cat\/?p=12295\">Read More...<\/a><\/div><div class=\"tx-meta\"><span class=\"tx-author\">By : <a href=\"https:\/\/biblioteca.tianat.cat\/?author=4\">Marta Huguet<\/a><\/span><span class=\"tx-date\"> | febr. 2, 2026<\/span><\/div><\/div><\/div><\/div><div class=\"tx-blog-item tx-post-col-4\"><div class=\"tx-border-box\"><div class=\"tx-blog-img\"><a href=\"https:\/\/biblioteca.tianat.cat\/wp-content\/uploads\/2025\/12\/primer-cas.jpg\" class=\"tx-colorbox\"><img src=\"https:\/\/biblioteca.tianat.cat\/wp-content\/uploads\/2025\/12\/primer-cas-600x360.jpg\" alt=\"\" class=\"blog-image\" \/><\/a><span class=\"tx-post-comm\"><span>0<\/span><\/span><\/div><div class=\"tx-post-content\"><h3 class=\"tx-post-title\"><a href=\"https:\/\/biblioteca.tianat.cat\/?p=12252\">El primer cas, d&#8217;Ulf Nilsson<\/a><\/h3><div style=\"height: 16px;\"><\/div><div class=\"tx-blog-content\">Divendres 9 de gener a les 17 h. Passades les festes de Nadal, comencem el dia a dia amb una nova trobada del club de lectura per a infants del gomet vermell,<a class=\"moretag\" href=\"https:\/\/biblioteca.tianat.cat\/?p=12252\">Read More...<\/a><\/div><div class=\"tx-meta\"><span class=\"tx-author\">By : <a href=\"https:\/\/biblioteca.tianat.cat\/?author=4\">Marta Huguet<\/a><\/span><span class=\"tx-date\"> | des. 30, 2025<\/span><\/div><\/div><\/div><\/div><\/div><div class=\"nx-paging\"><div class=\"nx-paging-inner\"><span aria-current=\"page\" class=\"page-numbers current\">1<\/span>\n<a class=\"page-numbers\" href=\"https:\/\/biblioteca.tianat.cat\/index.php\/?paged=2&#038;rest_route=%2Fwp%2Fv2%2Fpages%2F1839\">2<\/a>\n<a class=\"page-numbers\" href=\"https:\/\/biblioteca.tianat.cat\/index.php\/?paged=3&#038;rest_route=%2Fwp%2Fv2%2Fpages%2F1839\">3<\/a>\n<span class=\"page-numbers dots\">&hellip;<\/span>\n<a class=\"page-numbers\" href=\"https:\/\/biblioteca.tianat.cat\/index.php\/?paged=5&#038;rest_route=%2Fwp%2Fv2%2Fpages%2F1839\">5<\/a>\n<a class=\"next page-numbers\" href=\"https:\/\/biblioteca.tianat.cat\/index.php\/?paged=2&#038;rest_route=%2Fwp%2Fv2%2Fpages%2F1839\">&raquo;<\/a><\/div><\/div>\n","protected":false},"excerpt":{"rendered":"<p>Les properes sessions<\/p>\n","protected":false},"author":1,"featured_media":0,"parent":2223,"menu_order":0,"comment_status":"closed","ping_status":"closed","template":"page-sidebar.php","meta":[],"_links":{"self":[{"href":"https:\/\/biblioteca.tianat.cat\/index.php?rest_route=\/wp\/v2\/pages\/1839"}],"collection":[{"href":"https:\/\/biblioteca.tianat.cat\/index.php?rest_route=\/wp\/v2\/pages"}],"about":[{"href":"https:\/\/biblioteca.tianat.cat\/index.php?rest_route=\/wp\/v2\/types\/page"}],"author":[{"embeddable":true,"href":"https:\/\/biblioteca.tianat.cat\/index.php?rest_route=\/wp\/v2\/users\/1"}],"replies":[{"embeddable":true,"href":"https:\/\/biblioteca.tianat.cat\/index.php?rest_route=%2Fwp%2Fv2%2Fcomments&post=1839"}],"version-history":[{"count":130,"href":"https:\/\/biblioteca.tianat.cat\/index.php?rest_route=\/wp\/v2\/pages\/1839\/revisions"}],"predecessor-version":[{"id":12078,"href":"https:\/\/biblioteca.tianat.cat\/index.php?rest_route=\/wp\/v2\/pages\/1839\/revisions\/12078"}],"up":[{"embeddable":true,"href":"https:\/\/biblioteca.tianat.cat\/index.php?rest_route=\/wp\/v2\/pages\/2223"}],"wp:attachment":[{"href":"https:\/\/biblioteca.tianat.cat\/index.php?rest_route=%2Fwp%2Fv2%2Fmedia&parent=1839"}],"curies":[{"name":"wp","href":"https:\/\/api.w.org\/{rel}","templated":true}]}}