{"id":2006,"date":"2015-06-18T11:20:10","date_gmt":"2015-06-18T09:20:10","guid":{"rendered":"https:\/\/biblioteca.tianat.cat\/?page_id=2006"},"modified":"2024-08-28T17:03:53","modified_gmt":"2024-08-28T15:03:53","slug":"que-llegeixo","status":"publish","type":"page","link":"https:\/\/biblioteca.tianat.cat\/?page_id=2006","title":{"rendered":"Qu\u00e8 llegeixo?"},"content":{"rendered":"<h3>Aquests s\u00f3n els llibres que hem llegit:<\/h3>\n<div class=\"tx-blog tx-post-row tx-masonry\"><div class=\"tx-blog-item tx-post-col-4\"><div class=\"tx-border-box\"><div class=\"tx-blog-img\"><a href=\"https:\/\/biblioteca.tianat.cat\/wp-content\/uploads\/2024\/11\/trementinaire-820x1024.jpg\" class=\"tx-colorbox\"><img src=\"https:\/\/biblioteca.tianat.cat\/wp-content\/uploads\/2024\/11\/trementinaire-600x360.jpg\" alt=\"\" class=\"blog-image\" \/><\/a><span class=\"tx-post-comm\"><span>0<\/span><\/span><\/div><div class=\"tx-post-content\"><h3 class=\"tx-post-title\"><a href=\"https:\/\/biblioteca.tianat.cat\/?p=11720\">Maria, la trementinaire<\/a><\/h3><div style=\"height: 16px;\"><\/div><div class=\"tx-blog-content\">&#x1f33f; La Maria ha canviat d&#8217;escola. Ha fet nous amics. A tots els agrada la natura. La Maria, de plantes, en sap molt, perqu\u00e8 la mare i l&#8217;\u00e0via eren trementinaires. La Cl\u00e0udia,<a class=\"moretag\" href=\"https:\/\/biblioteca.tianat.cat\/?p=11720\">Read More...<\/a><\/div><div class=\"tx-meta\"><span class=\"tx-author\">By : <a href=\"https:\/\/biblioteca.tianat.cat\/?author=1\">Biblioteca Can Baratau<\/a><\/span><span class=\"tx-date\"> | nov. 14, 2024<\/span><\/div><\/div><\/div><\/div><div class=\"tx-blog-item tx-post-col-4\"><div class=\"tx-border-box\"><div class=\"tx-blog-img\"><a href=\"https:\/\/biblioteca.tianat.cat\/wp-content\/uploads\/2024\/11\/Tota-la-bellesa-819x1024.jpg\" class=\"tx-colorbox\"><img src=\"https:\/\/biblioteca.tianat.cat\/wp-content\/uploads\/2024\/11\/Tota-la-bellesa-600x360.jpg\" alt=\"\" class=\"blog-image\" \/><\/a><span class=\"tx-post-comm\"><span>0<\/span><\/span><\/div><div class=\"tx-post-content\"><h3 class=\"tx-post-title\"><a href=\"https:\/\/biblioteca.tianat.cat\/?p=11716\">Tota la bellesa perduda<\/a><\/h3><div style=\"height: 16px;\"><\/div><div class=\"tx-blog-content\">La Constan\u00e7a, una investigadora d&#8217;hist\u00f2ria de l&#8217;art, segueix la pista d&#8217;un quadre de Van Gogh desaparegut el 1945, entre altres recerques. A banda de l&#8217;art, la seva altra passi\u00f3 \u00e9s la m\u00fasica,<a class=\"moretag\" href=\"https:\/\/biblioteca.tianat.cat\/?p=11716\">Read More...<\/a><\/div><div class=\"tx-meta\"><span class=\"tx-author\">By : <a href=\"https:\/\/biblioteca.tianat.cat\/?author=1\">Biblioteca Can Baratau<\/a><\/span><span class=\"tx-date\"> | nov. 14, 2024<\/span><\/div><\/div><\/div><\/div><div class=\"tx-blog-item tx-post-col-4\"><div class=\"tx-border-box\"><div class=\"tx-blog-img\"><a href=\"https:\/\/biblioteca.tianat.cat\/wp-content\/uploads\/2024\/07\/Web-Banner-Recomanacions-021-1024x512.jpg\" class=\"tx-colorbox\"><img src=\"https:\/\/biblioteca.tianat.cat\/wp-content\/uploads\/2024\/07\/Web-Banner-Recomanacions-021-600x360.jpg\" alt=\"\" class=\"blog-image\" \/><\/a><span class=\"tx-post-comm\"><span>0<\/span><\/span><\/div><div class=\"tx-post-content\"><h3 class=\"tx-post-title\"><a href=\"https:\/\/biblioteca.tianat.cat\/?p=11311\">Soon, de Thomas Cad\u00e8ne i Benjamin Adam<\/a><\/h3><div style=\"height: 16px;\"><\/div><div class=\"tx-blog-content\">Soon \u00e9s un c\u00f2mic meravell\u00f3s de ci\u00e8ncia-ficci\u00f3 i tamb\u00e9 el relat sobre un viatge i la relaci\u00f3 entre una mare i el seu fill. Ens trasllada a l&#8217;any 2151, amb la poblaci\u00f3<a class=\"moretag\" href=\"https:\/\/biblioteca.tianat.cat\/?p=11311\">Read More...<\/a><\/div><div class=\"tx-meta\"><span class=\"tx-author\">By : <a href=\"https:\/\/biblioteca.tianat.cat\/?author=1\">Biblioteca Can Baratau<\/a><\/span><span class=\"tx-date\"> | jul. 26, 2024<\/span><\/div><\/div><\/div><\/div><div class=\"tx-blog-item tx-post-col-4\"><div class=\"tx-border-box\"><div class=\"tx-blog-img\"><a href=\"https:\/\/biblioteca.tianat.cat\/wp-content\/uploads\/2024\/07\/Web-Recomanacions1-1024x512.jpg\" class=\"tx-colorbox\"><img src=\"https:\/\/biblioteca.tianat.cat\/wp-content\/uploads\/2024\/07\/Web-Recomanacions1-scaled-600x360.jpg\" alt=\"\" class=\"blog-image\" \/><\/a><span class=\"tx-post-comm\"><span>0<\/span><\/span><\/div><div class=\"tx-post-content\"><h3 class=\"tx-post-title\"><a href=\"https:\/\/biblioteca.tianat.cat\/?p=11271\">Una m\u00fasica constant, de Vikram Seth<\/a><\/h3><div style=\"height: 16px;\"><\/div><div class=\"tx-blog-content\">Aquest juliol \u00e9s molt musical a Tiana, durant tot el mes tenim nits de m\u00fasica al jard\u00ed rom\u00e0ntic Lola Anglada, el Bicentenari Clav\u00e9, jazz i el Festival de cobles i Compositors. Aix\u00ed<a class=\"moretag\" href=\"https:\/\/biblioteca.tianat.cat\/?p=11271\">Read More...<\/a><\/div><div class=\"tx-meta\"><span class=\"tx-author\">By : <a href=\"https:\/\/biblioteca.tianat.cat\/?author=1\">Biblioteca Can Baratau<\/a><\/span><span class=\"tx-date\"> | jul. 19, 2024<\/span><\/div><\/div><\/div><\/div><\/div><div class=\"nx-paging\"><div class=\"nx-paging-inner\"><span aria-current=\"page\" class=\"page-numbers current\">1<\/span>\n<a class=\"page-numbers\" href=\"https:\/\/biblioteca.tianat.cat\/index.php\/?paged=2&#038;rest_route=%2Fwp%2Fv2%2Fpages%2F2006\">2<\/a>\n<a class=\"page-numbers\" href=\"https:\/\/biblioteca.tianat.cat\/index.php\/?paged=3&#038;rest_route=%2Fwp%2Fv2%2Fpages%2F2006\">3<\/a>\n<span class=\"page-numbers dots\">&hellip;<\/span>\n<a class=\"page-numbers\" href=\"https:\/\/biblioteca.tianat.cat\/index.php\/?paged=72&#038;rest_route=%2Fwp%2Fv2%2Fpages%2F2006\">72<\/a>\n<a class=\"next page-numbers\" href=\"https:\/\/biblioteca.tianat.cat\/index.php\/?paged=2&#038;rest_route=%2Fwp%2Fv2%2Fpages%2F2006\">&raquo;<\/a><\/div><\/div>\n<div class=\"tx-divider clearfix\" style=\"margin-top: 10px;margin-bottom: 10px\"><\/div>\n<div class=\"tx-row\">\n<div class=\"tx-column tx-column-size-3-4\">\n<h3>Qu\u00e8 llegeixo?<\/h3>\n<p>Esteu gaudint d&#8217;una lectura? Un llibre us ha enganxat i\u00a0no podeu fer res m\u00e9s que llegir? Voleu que altres persones tamb\u00e9 descobreixin algun llibre o autor? Animeu-vos a participar i envieu-nos la vostra cr\u00edtica!<\/p>\n<h3>Com puc compartir-ho?<\/h3>\n<p>Si voleu fer-nos arribar una recomanaci\u00f3 d&#8217;un llibre, un cd o una pel\u00b7l\u00edcula, ho podeu fer a trav\u00e9s del correu electr\u00f2nic de la <a href=\"mailto:b.tiana.cb@diba.cat\" target=\"_blank\" rel=\"noopener\"><strong>biblioteca<\/strong><\/a> o el formulari de la columna de la dreta.<\/p>\n<\/div>\n<div class=\"tx-column tx-column-size-1-4\">\n<h3>La vostra cr\u00edtica:<\/h3>\n<div role=\"form\" class=\"wpcf7\" id=\"wpcf7-f2617-o1\" lang=\"ca\" dir=\"ltr\">\n<div class=\"screen-reader-response\"><\/div>\n<form action=\"\/index.php?rest_route=%2Fwp%2Fv2%2Fpages%2F2006#wpcf7-f2617-o1\" method=\"post\" class=\"wpcf7-form\" enctype=\"multipart\/form-data\" novalidate=\"novalidate\">\n<div style=\"display: none;\">\n<input type=\"hidden\" name=\"_wpcf7\" value=\"2617\" \/>\n<input type=\"hidden\" name=\"_wpcf7_version\" value=\"4.4.2\" \/>\n<input type=\"hidden\" name=\"_wpcf7_locale\" value=\"ca\" \/>\n<input type=\"hidden\" name=\"_wpcf7_unit_tag\" value=\"wpcf7-f2617-o1\" \/>\n<input type=\"hidden\" name=\"_wpnonce\" value=\"92f8ab0e45\" \/>\n<\/div>\n<p><strong>El vostre nom i cognoms<\/strong><br \/><span class=\"wpcf7-form-control-wrap your-name\"><input type=\"text\" name=\"your-name\" value=\"\" size=\"40\" class=\"wpcf7-form-control wpcf7-text wpcf7-validates-as-required\" aria-required=\"true\" aria-invalid=\"false\" \/><\/span><br \/>\n<strong>El vostre correu electr\u00f2nic<\/strong><br \/><span class=\"wpcf7-form-control-wrap your-email\"><input type=\"email\" name=\"your-email\" value=\"\" size=\"40\" class=\"wpcf7-form-control wpcf7-text wpcf7-email wpcf7-validates-as-required wpcf7-validates-as-email\" aria-required=\"true\" aria-invalid=\"false\" \/><\/span><br \/>\n<strong>Assumpte<\/strong><br \/><span class=\"wpcf7-form-control-wrap your-subject\"><input type=\"text\" name=\"your-subject\" value=\"\" size=\"40\" class=\"wpcf7-form-control wpcf7-text wpcf7-validates-as-required\" aria-required=\"true\" aria-invalid=\"false\" \/><\/span><br \/>\n<strong>Arxiu que voleu enviar:<\/strong><br \/><span class=\"wpcf7-form-control-wrap your-file\"><input type=\"file\" name=\"your-file\" size=\"40\" class=\"wpcf7-form-control wpcf7-file wpcf7-validates-as-required\" aria-required=\"true\" aria-invalid=\"false\" \/><\/span><\/p>\n<p><input type=\"submit\" value=\"Enviar\" class=\"wpcf7-form-control wpcf7-submit\" \/><\/p>\n<div class=\"wpcf7-response-output wpcf7-display-none\"><\/div><\/form><\/div><\/div>\n<\/div>\n","protected":false},"excerpt":{"rendered":"<p>Aquests s\u00f3n els llibres que hem llegit:<\/p>\n","protected":false},"author":1,"featured_media":0,"parent":2329,"menu_order":0,"comment_status":"closed","ping_status":"closed","template":"page-sidebar.php","meta":[],"_links":{"self":[{"href":"https:\/\/biblioteca.tianat.cat\/index.php?rest_route=\/wp\/v2\/pages\/2006"}],"collection":[{"href":"https:\/\/biblioteca.tianat.cat\/index.php?rest_route=\/wp\/v2\/pages"}],"about":[{"href":"https:\/\/biblioteca.tianat.cat\/index.php?rest_route=\/wp\/v2\/types\/page"}],"author":[{"embeddable":true,"href":"https:\/\/biblioteca.tianat.cat\/index.php?rest_route=\/wp\/v2\/users\/1"}],"replies":[{"embeddable":true,"href":"https:\/\/biblioteca.tianat.cat\/index.php?rest_route=%2Fwp%2Fv2%2Fcomments&post=2006"}],"version-history":[{"count":47,"href":"https:\/\/biblioteca.tianat.cat\/index.php?rest_route=\/wp\/v2\/pages\/2006\/revisions"}],"predecessor-version":[{"id":11387,"href":"https:\/\/biblioteca.tianat.cat\/index.php?rest_route=\/wp\/v2\/pages\/2006\/revisions\/11387"}],"up":[{"embeddable":true,"href":"https:\/\/biblioteca.tianat.cat\/index.php?rest_route=\/wp\/v2\/pages\/2329"}],"wp:attachment":[{"href":"https:\/\/biblioteca.tianat.cat\/index.php?rest_route=%2Fwp%2Fv2%2Fmedia&parent=2006"}],"curies":[{"name":"wp","href":"https:\/\/api.w.org\/{rel}","templated":true}]}}