{"id":2041,"date":"2015-06-18T12:27:04","date_gmt":"2015-06-18T10:27:04","guid":{"rendered":"https:\/\/biblioteca.tianat.cat\/?page_id=2041"},"modified":"2026-03-24T16:56:26","modified_gmt":"2026-03-24T14:56:26","slug":"la-biblioteca-2","status":"publish","type":"page","link":"https:\/\/biblioteca.tianat.cat\/?page_id=2041","title":{"rendered":"La biblioteca Can Baratau"},"content":{"rendered":"<div class=\"tx-row\"><div class=\"tx-column tx-column-size-1-2\">\n<h3>Can Baratau<\/h3>\n<p>La biblioteca \u00e9s un servei p\u00fablic municipal, obert a tota la poblaci\u00f3. Inaugurada l&#8217;any 1998, est\u00e0 situada a la Masia de Can Baratau amb una superf\u00edcie de 560 m<sup>2<\/sup>. La Biblioteca Can Baratau dep\u00e8n de l&#8217;<a href=\"http:\/\/www.tiana.cat\" target=\"_blank\" rel=\"noopener\">Ajuntament de Tiana<\/a>, que la gestiona en conveni amb la <a href=\"http:\/\/www.diba.cat\" target=\"_blank\" rel=\"noopener\">Diputaci\u00f3 de Barcelona <\/a>i forma part de la Xarxa de <a href=\"http:\/\/bibliotecavirtual.diba.cat\" target=\"_blank\" rel=\"noopener\">Biblioteques de la Diputaci\u00f3 de Barcelona<\/a><\/div><div class=\"tx-column tx-column-size-1-2\">\n<h3>Sabies que&#8230;?<\/h3>\n<p>Can Baratau era antigament una Masia del centre del municipi, despr\u00e9s de la\u00a0rehabilitaci\u00f3 per part de l&#8217;Ajuntament, encara es conserven alguns elements originals de Can Baratau. A la planta d&#8217;adults hi podeu trobar una antiga aixeta que havia portat aigua als habitants de la masia.<\/div><\/div><div class=\"tx-divider clearfix\" style=\"margin-top: 10px;margin-bottom: 10px\"><\/div>\n<div class=\"tx-row\"><div class=\"tx-column tx-column-size-1-2\"><iframe loading=\"lazy\" style=\"border: 0;\" src=\"https:\/\/www.google.com\/maps\/embed?pb=!1m18!1m12!1m3!1d2988.999386778886!2d2.269111!3d41.482613!2m3!1f0!2f0!3f0!3m2!1i1024!2i768!4f13.1!3m3!1m2!1s0x12a4ba3692cb9dbb%3A0xa80c0a0a3c95681f!2sBiblioteca+Can+Baratau!5e0!3m2!1sca!2ses!4v1432898493359\" width=\"700\" height=\"250\" frameborder=\"0\"><\/iframe><\/div><div class=\"tx-column tx-column-size-1-4\">\n<h3>Dades de contacte<\/h3>\n<p><strong>Adre\u00e7a:<\/strong><br \/>Carrer Lola Anglada, 10<br \/>08391 Tiana<\/p>\n<p><strong>Tel\u00e8fon:<\/strong><br \/>(+34) 934 657 741<\/div><div class=\"tx-column tx-column-size-1-4\">\n<h3>Com arribar-hi?<\/h3>\n<p><strong>Des de Badalona:<\/strong><br \/><a href=\"http:\/\/www.ambmobilitat.cat\/principales\/TiraLinea.aspx?linea=146\" target=\"_blank\" rel=\"noopener\"><strong>B29<\/strong><\/a> (Badalona &#8211; Tiana)<br \/><a href=\"http:\/\/mou-te.gencat.cat\/transportProper.do?do=detallParada&amp;idParada=10005666-1-1\" target=\"_blank\" rel=\"noopener\"><strong>L1284<\/strong><\/a> (Badalona &#8211; Sabadell)<br \/><strong>Des de Montgat:<\/strong><br \/><a href=\"http:\/\/www.ambmobilitat.cat\/principales\/TiraLinea.aspx?linea=300\" target=\"_blank\" rel=\"noopener\"><strong>B35<\/strong><\/a> i <a href=\"http:\/\/www.ambmobilitat.cat\/Principales\/TiraLinea.aspx?linea=299\" target=\"_blank\" rel=\"noopener\"><strong>B34<\/strong><\/a> (Montgat &#8211; Tiana)<br \/><strong>Des de Sabadell:<\/strong><br \/><a href=\"http:\/\/mou-te.gencat.cat\/transportProper.do?do=detallParada&amp;idParada=10005666-1-1\" target=\"_blank\" rel=\"noopener\"><strong>L1284<\/strong><\/a> (Badalona &#8211; Sabadell)<\/div><\/div>\n<div class=\"tx-row\"><div class=\"tx-column tx-column-size-1-2\"><div class=\"tx-divider clearfix\" style=\"margin-top: 10px;margin-bottom: 10px\"><\/div>\n<h3>Horaris d&#8217;hivern<\/h3>\n<p><strong>De setembre a juny:<\/strong><\/p>\n<table>\n<tbody>\n<tr>\n<td>Dilluns<\/td>\n<td>Dimarts<\/td>\n<td>Dimecres<\/td>\n<td>Dijous<\/td>\n<td>Divendres<\/td>\n<td>Dissabte<\/td>\n<\/tr>\n<tr>\n<td>&#8211;<\/td>\n<td>10 a 14h<\/td>\n<td>&#8211;<\/td>\n<td>&#8211;<\/td>\n<td>&#8211;<\/td>\n<td>\n<table>\n<tbody>\n<tr>\n<td>10 a 14h<\/td>\n<\/tr>\n<\/tbody>\n<\/table>\n<\/td>\n<\/tr>\n<tr>\n<td>15.30\u00a0a 20h<\/td>\n<td>15.30\u00a0a 20h<\/td>\n<td>15.30\u00a0a 20h<\/td>\n<td>15.30\u00a0a 20h<\/td>\n<td>15.30\u00a0a 20h<\/td>\n<td>Tancat<\/td>\n<\/tr>\n<\/tbody>\n<\/table>\n<\/div><div class=\"tx-column tx-column-size-1-2\"><div class=\"tx-divider clearfix\" style=\"margin-top: 10px;margin-bottom: 10px\"><\/div>\n<h3>Horaris d&#8217;estiu<\/h3>\n<p><strong>Juliol i agost :<\/strong><\/p>\n<table>\n<tbody>\n<tr>\n<td>Dilluns<\/td>\n<td>Dimarts<\/td>\n<td>Dimecres<\/td>\n<td>Dijous<\/td>\n<td>Divendres<\/td>\n<td>Dissabte<\/td>\n<\/tr>\n<tr>\n<td>&#8211;<\/td>\n<td>10 a 14h<\/td>\n<td>&#8211;<\/td>\n<td>&#8211;<\/td>\n<td>&#8211;<\/td>\n<td>Tancat<\/td>\n<\/tr>\n<tr>\n<td>15.30 a 20h<\/td>\n<td>15.30\u00a0a 20h<\/td>\n<td>15.30\u00a0a 20h<\/td>\n<td>15.30\u00a0a 20h<\/td>\n<td>15.30\u00a0a 20h<\/td>\n<td>Tancat<\/td>\n<\/tr>\n<\/tbody>\n<\/table>\n<\/div><\/div>\n<p><strong>Canvis d&#8217;horari especials per al 2024:<\/strong><\/p>\n<p>Obrirem en horari de mat\u00ed, de 10 a 14 h, el dia 28 de febrer.<\/p>\n<p>Tancat els festius oficials i dissabtes 30 de mar\u00e7, 2 de novembre i 7 de desembre.<\/p>\n<p>Tancat per vacances: del 5 al 25 d&#8217;agost i del 23 al 31 de desembre<\/p>\n<div class=\"tx-divider clearfix\" style=\"margin-top: 10px;margin-bottom: 10px\"><\/div>\n<div class=\"tx-row\"><div class=\"tx-column tx-column-size-1-3\">\n<h3>Normes d&#8217;\u00fas<\/h3>\n<p><a href=\"https:\/\/tiana.cat\/wp-content\/uploads\/2026\/03\/REGLAMENT-US-BIBLIOTECA-CAN-BARATAU.pdf\"><strong>Reglament d&#8217;\u00fas del servei p\u00fablic de la biblioteca<\/strong><\/a><\/div><div class=\"tx-column tx-column-size-2-3\">\n<h3>Pol\u00edtica de desenvolupament de la col\u00b7lecci\u00f3<\/h3>\n<p>La Pol\u00edtica de desenvolupament de la col\u00b7lecci\u00f3 (<a href=\"http:\/\/bibliotecavirtual.diba.cat\/documents\/351599\/0\/PDC\/e8c5e9b7-e3e2-4b8c-9963-0aaedc95795b\" target=\"_blank\" rel=\"noopener\"><strong>PDC<\/strong><\/a>) \u00e9s un document p\u00fablic on s&#8217;explica d&#8217;on provenen i en quin criteri se seleccionen tots els llibres, revistes, dvd, cd i altres materials que es compren per la Biblioteca.<br \/><a href=\"https:\/\/biblioteca.tianat.cat\/?p=97\"><strong>M\u00e9s informaci\u00f3<\/strong><\/a><\/div><\/div>\n\n\n<p><\/p>\n","protected":false},"excerpt":{"rendered":"<p>Canvis d&#8217;horari especials per al 2024: Obrirem en horari de mat\u00ed, de 10 a 14 h, el dia 28 de febrer. Tancat els festius oficials i dissabtes 30 de mar\u00e7, 2 de<a class=\"moretag\" href=\"https:\/\/biblioteca.tianat.cat\/?page_id=2041\">Read More&#8230;<\/a><\/p>\n","protected":false},"author":1,"featured_media":0,"parent":0,"menu_order":0,"comment_status":"closed","ping_status":"closed","template":"page-sidebar.php","meta":[],"_links":{"self":[{"href":"https:\/\/biblioteca.tianat.cat\/index.php?rest_route=\/wp\/v2\/pages\/2041"}],"collection":[{"href":"https:\/\/biblioteca.tianat.cat\/index.php?rest_route=\/wp\/v2\/pages"}],"about":[{"href":"https:\/\/biblioteca.tianat.cat\/index.php?rest_route=\/wp\/v2\/types\/page"}],"author":[{"embeddable":true,"href":"https:\/\/biblioteca.tianat.cat\/index.php?rest_route=\/wp\/v2\/users\/1"}],"replies":[{"embeddable":true,"href":"https:\/\/biblioteca.tianat.cat\/index.php?rest_route=%2Fwp%2Fv2%2Fcomments&post=2041"}],"version-history":[{"count":147,"href":"https:\/\/biblioteca.tianat.cat\/index.php?rest_route=\/wp\/v2\/pages\/2041\/revisions"}],"predecessor-version":[{"id":12373,"href":"https:\/\/biblioteca.tianat.cat\/index.php?rest_route=\/wp\/v2\/pages\/2041\/revisions\/12373"}],"wp:attachment":[{"href":"https:\/\/biblioteca.tianat.cat\/index.php?rest_route=%2Fwp%2Fv2%2Fmedia&parent=2041"}],"curies":[{"name":"wp","href":"https:\/\/api.w.org\/{rel}","templated":true}]}}