{"id":2229,"date":"2015-06-26T17:56:19","date_gmt":"2015-06-26T15:56:19","guid":{"rendered":"https:\/\/biblioteca.tianat.cat\/?page_id=2229"},"modified":"2015-07-15T13:04:30","modified_gmt":"2015-07-15T11:04:30","slug":"contacteu","status":"publish","type":"page","link":"https:\/\/biblioteca.tianat.cat\/?page_id=2229","title":{"rendered":"Contacteu"},"content":{"rendered":"<div class=\"tx-row\">\n<div class=\"tx-column tx-column-size-1-3\">\n<h3>Voleu enviar-nos un missatge?<\/h3>\n<p>Si voleu fer-nos alguna consulta, comentari o proposta envieu-nos aquest formulari i us respondrem ben aviat.<\/p>\n<p>O si ho preferiu, podeu passar per la biblioteca:<br \/>\n<strong>Biblioteca Can Baratau<\/strong><br \/>\nc\/ Lola Anglada, 10<br \/>\n08391 Tiana<br \/>\nT. (+34) 934 657 741<\/p>\n<div class=\"tx-divider clearfix\" style=\"margin-top: 10px;margin-bottom: 10px\"><\/div><span style=\"font-size: x-small;\">De conformitat amb el que disposa la Llei Org\u00e0nica 15\/1999, de 13 de desembre, de Protecci\u00f3 de Dades de Car\u00e0cter Personal (LOPD), us informem que les vostres dades personals s\u00f3n incorporades en fitxers titularitat de la Biblioteca de Can Baratau amb la finalitat de poder atendre adequadament les vostres peticions d&#8217;informaci\u00f3. Per exercitar els drets d&#8217;acc\u00e9s, rectificaci\u00f3, cancel\u00b7laci\u00f3 i oposici\u00f3 que contempla la Llei podeu dirigir-vos mitjan\u00e7ant carta, Refer\u00e8ncia Protecci\u00f3 de dades.<\/span><\/div>\n<div class=\"tx-column tx-column-size-1-3\"><div role=\"form\" class=\"wpcf7\" id=\"wpcf7-f2620-o1\" lang=\"ca\" dir=\"ltr\">\n<div class=\"screen-reader-response\"><\/div>\n<form action=\"\/index.php?rest_route=%2Fwp%2Fv2%2Fpages%2F2229#wpcf7-f2620-o1\" method=\"post\" class=\"wpcf7-form\" novalidate=\"novalidate\">\n<div style=\"display: none;\">\n<input type=\"hidden\" name=\"_wpcf7\" value=\"2620\" \/>\n<input type=\"hidden\" name=\"_wpcf7_version\" value=\"4.4.2\" \/>\n<input type=\"hidden\" name=\"_wpcf7_locale\" value=\"ca\" \/>\n<input type=\"hidden\" name=\"_wpcf7_unit_tag\" value=\"wpcf7-f2620-o1\" \/>\n<input type=\"hidden\" name=\"_wpnonce\" value=\"c8bfddbefa\" \/>\n<\/div>\n<p><strong>El vostre nom i cognoms<\/strong><br \/>\n<span class=\"wpcf7-form-control-wrap your-name\"><input type=\"text\" name=\"your-name\" value=\"\" size=\"40\" class=\"wpcf7-form-control wpcf7-text wpcf7-validates-as-required\" aria-required=\"true\" aria-invalid=\"false\" \/><\/span><br \/>\n<strong>El vostre correu electr\u00f2nic<\/strong><br \/>\n<span class=\"wpcf7-form-control-wrap your-email\"><input type=\"email\" name=\"your-email\" value=\"\" size=\"40\" class=\"wpcf7-form-control wpcf7-text wpcf7-email wpcf7-validates-as-required wpcf7-validates-as-email\" aria-required=\"true\" aria-invalid=\"false\" \/><\/span><br \/>\n<strong>Assumpte<\/strong><br \/>\n<span class=\"wpcf7-form-control-wrap your-subject\"><input type=\"text\" name=\"your-subject\" value=\"\" size=\"40\" class=\"wpcf7-form-control wpcf7-text wpcf7-validates-as-required\" aria-required=\"true\" aria-invalid=\"false\" \/><\/span><br \/>\n<strong>Qu\u00e8 us agradaria comentar o consultar?<\/strong><br \/>\n<span class=\"wpcf7-form-control-wrap your-message\"><textarea name=\"your-message\" cols=\"40\" rows=\"10\" class=\"wpcf7-form-control wpcf7-textarea wpcf7-validates-as-required\" aria-required=\"true\" aria-invalid=\"false\"><\/textarea><\/span><\/p>\n<p><input type=\"submit\" value=\"Enviar\" class=\"wpcf7-form-control wpcf7-submit\" \/><\/p>\n<div class=\"wpcf7-response-output wpcf7-display-none\"><\/div><\/form><\/div><\/div>\n<div class=\"tx-column tx-column-size-1-3\">Si voleu preguntar la disponibilitat d&#8217;algun llibre en concret, recordeu que podeu consultar-ho directament al cat\u00e0leg:<\/p>\n<form id=\"search\" action=\"http:\/\/aladi.diba.cat\/search*cat\/\" method=\"get\" name=\"search\" target=\"_blank\">\n<div id=\"searchtool\"><strong>Cat\u00e0leg de la Xarxa de Biblioteques Municipals<\/strong><br \/>\n<select id=\"searchtype\" name=\"searchtype\"><option value=\"X\">Qualsevol paraula<\/option><option value=\"t\">T\u00edtol<\/option><option value=\"a\">Autor \/ Artista<\/option><option value=\"d\">Tema<\/option><\/select><br \/>\n<input id=\"searcharg\" style=\"margin-top: 4px;\" maxlength=\"75\" name=\"searcharg\" size=\"30\" type=\"text\" \/><\/div>\n<\/form>\n<div id=\"preview-limitar\">\n<div id=\"searchscope-text\">Podeu limitar la cerca a un <strong>Subcat\u00e0leg<\/strong> o b\u00e9 a una <strong>Comarca, Municipi o Bibliob\u00fas<\/strong><\/div>\n<p><select id=\"searchscope\" name=\"searchscope\"><option value=\"171\">Tot el cat\u00e0leg<\/option><option style=\"color: #fff; background-color: #999;\" value=\"171\">Subcat\u00e0legs<\/option><option value=\"174\">M\u00fasica<\/option><option value=\"175\">Pel\u00b7l\u00edcules<\/option><option value=\"173\">C\u00f2mics<\/option><option value=\"176\">Audiollibres, lletra gran i braille<\/option><option style=\"color: #fff; background-color: #999;\" value=\"171\">Comarques<\/option><option value=\"160\">Alt Pened\u00e8s<\/option><option value=\"161\">Anoia<\/option><option value=\"162\">Bages<\/option><option value=\"163\">Baix Llobregat<\/option><option value=\"164\">Barcelon\u00e8s<\/option><option value=\"165\">Bergued\u00e0<\/option><option value=\"166\">Garraf<\/option><option value=\"167\">Maresme<\/option><option value=\"168\">Osona<\/option><option value=\"169\">Vall\u00e8s Occidental<\/option><option value=\"170\">Vall\u00e8s Oriental<\/option><option style=\"color: #fff; background-color: #999;\" value=\"171\">Municipis<\/option><option value=\"65\">Abrera<\/option><option value=\"128\">Aiguafreda<\/option><option value=\"89\">Alella<\/option><option value=\"137\">Ametlla del Vall\u00e8s, L&#8217;<\/option><option value=\"91\">Arenys de Mar<\/option><option value=\"92\">Arenys de Munt<\/option><option value=\"48\">Art\u00e9s<\/option><option value=\"49\">Aviny\u00f3<\/option><option value=\"21\">Badalona<\/option><option value=\"25\">Badia del Vall\u00e8s<\/option><option value=\"50\">Balsareny<\/option><option value=\"24\">Barber\u00e0 del Vall\u00e8s<\/option><option value=\"10\">Barcelona<\/option><option value=\"11\">\u00a0\u00a0\u00a0\u00a0Ciutat Vella<\/option><option value=\"12\">\u00a0\u00a0\u00a0\u00a0Eixample<\/option><option value=\"16\">\u00a0\u00a0\u00a0\u00a0Gr\u00e0cia<\/option><option value=\"17\">\u00a0\u00a0\u00a0\u00a0Horta-Guinard\u00f3<\/option><option value=\"14\">\u00a0\u00a0\u00a0\u00a0Les Corts<\/option><option value=\"18\">\u00a0\u00a0\u00a0\u00a0Nou Barris<\/option><option value=\"19\">\u00a0\u00a0\u00a0\u00a0Sant Andreu<\/option><option value=\"9\">\u00a0\u00a0\u00a0\u00a0Sant Mart\u00ed<\/option><option value=\"13\">\u00a0\u00a0\u00a0\u00a0Sants-Montju\u00efc<\/option><option value=\"15\">\u00a0\u00a0\u00a0\u00a0Sarri\u00e0-Sant Gervasi<\/option><option value=\"185\">Begues<\/option><option value=\"43\">Berga<\/option><option value=\"130\">Bigues i Riells<\/option><option value=\"2\">Bruc, El<\/option><option value=\"98\">Cabrera de Mar<\/option><option value=\"93\">Cabrils<\/option><option value=\"94\">Caldes d&#8217;Estrac<\/option><option value=\"132\">Caldes de Montbui<\/option><option value=\"95\">Calella<\/option><option value=\"96\">Canet de Mar<\/option><option value=\"133\">Canovelles<\/option><option value=\"1\">Capellades<\/option><option value=\"131\">Cardedeu<\/option><option value=\"51\">Cardona<\/option><option value=\"27\">Castellar del Vall\u00e8s<\/option><option value=\"26\">Castellbisbal<\/option><option value=\"70\">Castelldefels<\/option><option value=\"113\">Centelles<\/option><option value=\"28\">Cerdanyola del Vall\u00e8s<\/option><option value=\"69\">Cervell\u00f3<\/option><option value=\"188\">Collbat\u00f3<\/option><option value=\"72\">Corbera de Llobregat<\/option><option value=\"71\">Cornell\u00e0 de Llobregat<\/option><option value=\"73\">Esparreguera<\/option><option value=\"74\">Esplugues de Llobregat<\/option><option value=\"138\">Franqueses del Vall\u00e8s, Les<\/option><option value=\"139\">Garriga, La<\/option><option value=\"78\">Gav\u00e0<\/option><option value=\"192\">Gironella<\/option><option value=\"136\">Granollers<\/option><option value=\"23\">Hospitalet de Llobregat, L&#8217;<\/option><option value=\"3\">Igualada<\/option><option value=\"141\">Llagosta, La<\/option><option value=\"143\">Lli\u00e7\u00e0 d&#8217;Amunt<\/option><option value=\"140\">Llinars del Vall\u00e8s<\/option><option value=\"101\">Malgrat de Mar<\/option><option value=\"115\">Manlleu<\/option><option value=\"57\">Manresa<\/option><option value=\"82\">Martorell<\/option><option value=\"145\">Martorelles<\/option><option value=\"97\">Masnou, El<\/option><option value=\"6\">Masquefa<\/option><option value=\"29\">Matadepera<\/option><option value=\"99\">Matar\u00f3<\/option><option value=\"58\">Moi\u00e0<\/option><option value=\"81\">Molins de Rei<\/option><option value=\"148\">Mollet del Vall\u00e8s<\/option><option value=\"30\">Montcada i Reixac<\/option><option value=\"100\">Montgat<\/option><option value=\"146\">Montmel\u00f3<\/option><option value=\"144\">Montorn\u00e8s del Vall\u00e8s<\/option><option value=\"59\">Navarcles<\/option><option value=\"60\">Nav\u00e0s<\/option><option value=\"83\">Olesa de Montserrat<\/option><option value=\"103\">Palafolls<\/option><option value=\"84\">Pallej\u00e0<\/option><option value=\"179\">Papiol, El<\/option><option value=\"149\">Parets del Vall\u00e8s<\/option><option value=\"7\">Piera<\/option><option value=\"106\">Pineda de Mar<\/option><option value=\"33\">Poliny\u00e0<\/option><option value=\"178\">Pont de Vilomara i Rocafort, El<\/option><option value=\"75\">Prat de Llobregat, El<\/option><option value=\"102\">Premi\u00e0 de Dalt<\/option><option value=\"105\">Premi\u00e0 de Mar<\/option><option value=\"44\">Puig-Reig<\/option><option value=\"37\">Ripollet<\/option><option value=\"142\">Roca del Vall\u00e8s, La<\/option><option value=\"118\">Roda de Ter<\/option><option value=\"36\">Rub\u00ed<\/option><option value=\"38\">Sabadell<\/option><option value=\"61\">Sallent<\/option><option value=\"20\">Sant Adri\u00e0 de Bes\u00f2s<\/option><option value=\"66\">Sant Andreu de la Barca<\/option><option value=\"90\">Sant Andreu de Llavaneres<\/option><option value=\"129\">Sant Antoni de Vilamajor<\/option><option value=\"67\">Sant Boi de Llobregat<\/option><option value=\"150\">Sant Celoni<\/option><option value=\"34\">Sant Cugat del Vall\u00e8s<\/option><option value=\"76\">Sant Esteve Sesrovires<\/option><option value=\"134\">Sant Feliu de Codines<\/option><option value=\"77\">Sant Feliu de Llobregat<\/option><option value=\"54\">Sant Feliu Sasserra<\/option><option value=\"135\">Sant Fost de Campsentelles<\/option><option value=\"53\">Sant Fruit\u00f3s de Bages<\/option><option value=\"114\">Sant Hip\u00f2lit de Voltreg\u00e0<\/option><option value=\"55\">Sant Joan de Vilatorrada<\/option><option value=\"80\">Sant Joan Desp\u00ed<\/option><option value=\"79\">Sant Just Desvern<\/option><option value=\"45\">Sant Pere de Ribes<\/option><option value=\"124\">Sant Pere de Riudebitlles<\/option><option value=\"116\">Sant Pere de Torell\u00f3<\/option><option value=\"104\">Sant Pol de Mar<\/option><option value=\"117\">Sant Quirze de Besora<\/option><option value=\"35\">Sant Quirze del Vall\u00e8s<\/option><option value=\"126\">Sant Sadurn\u00ed d&#8217;Anoia<\/option><option value=\"64\">Sant Vicen\u00e7 de Castellet<\/option><option value=\"111\">Sant Vicen\u00e7 de Montalt<\/option><option value=\"86\">Sant Vicen\u00e7 dels Horts<\/option><option value=\"68\">Santa Coloma de Cervell\u00f3<\/option><option value=\"22\">Santa Coloma de Gramenet<\/option><option value=\"180\">Santa Eul\u00e0lia de Ron\u00e7ana<\/option><option value=\"5\">Santa Margarida de Montbui<\/option><option value=\"123\">Santa Margarida i els Monjos<\/option><option value=\"147\">Santa Maria de Palautordera<\/option><option value=\"32\">Santa Perp\u00e8tua de Mogoda<\/option><option value=\"62\">Santpedor<\/option><option value=\"39\">Sentmenat<\/option><option value=\"46\">Sitges<\/option><option value=\"63\">S\u00faria<\/option><option value=\"121\">Taradell<\/option><option value=\"107\">Tei\u00e0<\/option><option value=\"40\">Terrassa<\/option><option selected=\"selected\" value=\"108\">Tiana<\/option><option value=\"120\">Tona<\/option><option value=\"109\">Tordera<\/option><option value=\"119\">Torell\u00f3<\/option><option value=\"85\">Torrelles de Llobregat<\/option><option value=\"42\">Vacarisses<\/option><option value=\"87\">Vallirana<\/option><option value=\"122\">Vic<\/option><option value=\"88\">Viladecans<\/option><option value=\"41\">Viladecavalls<\/option><option value=\"127\">Vilafranca del Pened\u00e8s<\/option><option value=\"8\">Vilanova del Cam\u00ed<\/option><option value=\"182\">Vilanova del Vall\u00e8s<\/option><option value=\"47\">Vilanova i la Geltr\u00fa<\/option><option value=\"110\">Vilassar de Dalt<\/option><option value=\"112\">Vilassar de Mar<\/option><option style=\"color: #fff; background-color: #999;\" value=\"171\">Bibliobusos<\/option><option value=\"154\">Bibliob\u00fas Cavall Bernat<\/option><option value=\"151\">Bibliob\u00fas El Castellot<\/option><option value=\"157\">Bibliob\u00fas Guilleries<\/option><option value=\"158\">Bibliob\u00fas La Mola<\/option><option value=\"152\">Bibliob\u00fas Montau<\/option><option value=\"159\">Bibliob\u00fas Montnegre<\/option><option value=\"153\">Bibliob\u00fas Montserrat<\/option><option value=\"155\">Bibliob\u00fas Pedraforca<\/option><option value=\"156\">Bibliob\u00fas Tagamanent<\/option><\/select><\/p>\n<\/div>\n<p><img decoding=\"async\" style=\"float: right;\" src=\"http:\/\/bibliotecavirtual.diba.cat\/documents\/337957\/6768601\/logo_diputacio2.png\/56fc7a26-fe62-42e8-ab5e-63a212715d5e?t=1420804344989\" alt=\"Diputaci\u00f3 de Barcelona\" \/><input id=\"submit2\" style=\"float: left; cursor: pointer; padding: 11px 24px; margin-top: 6px;\" name=\"searchok\" type=\"submit\" value=\"Cercar\" \/><input name=\"utm_source\" type=\"hidden\" value=\"minialadi\" \/><input name=\"utm_medium\" type=\"hidden\" value=\"web\" \/><input name=\"utm_campaign\" type=\"hidden\" value=\"MiniAladi\" \/><\/p>\n<\/div>\n<\/div>\n","protected":false},"excerpt":{"rendered":"","protected":false},"author":1,"featured_media":0,"parent":0,"menu_order":0,"comment_status":"closed","ping_status":"closed","template":"page-sidebar.php","meta":[],"_links":{"self":[{"href":"https:\/\/biblioteca.tianat.cat\/index.php?rest_route=\/wp\/v2\/pages\/2229"}],"collection":[{"href":"https:\/\/biblioteca.tianat.cat\/index.php?rest_route=\/wp\/v2\/pages"}],"about":[{"href":"https:\/\/biblioteca.tianat.cat\/index.php?rest_route=\/wp\/v2\/types\/page"}],"author":[{"embeddable":true,"href":"https:\/\/biblioteca.tianat.cat\/index.php?rest_route=\/wp\/v2\/users\/1"}],"replies":[{"embeddable":true,"href":"https:\/\/biblioteca.tianat.cat\/index.php?rest_route=%2Fwp%2Fv2%2Fcomments&post=2229"}],"version-history":[{"count":59,"href":"https:\/\/biblioteca.tianat.cat\/index.php?rest_route=\/wp\/v2\/pages\/2229\/revisions"}],"predecessor-version":[{"id":2659,"href":"https:\/\/biblioteca.tianat.cat\/index.php?rest_route=\/wp\/v2\/pages\/2229\/revisions\/2659"}],"wp:attachment":[{"href":"https:\/\/biblioteca.tianat.cat\/index.php?rest_route=%2Fwp%2Fv2%2Fmedia&parent=2229"}],"curies":[{"name":"wp","href":"https:\/\/api.w.org\/{rel}","templated":true}]}}