{"id":3130,"date":"2017-01-04T16:00:26","date_gmt":"2017-01-04T14:00:26","guid":{"rendered":"https:\/\/biblioteca.tianat.cat\/?page_id=3130"},"modified":"2025-12-30T14:05:45","modified_gmt":"2025-12-30T12:05:45","slug":"tiana-negra","status":"publish","type":"page","link":"https:\/\/biblioteca.tianat.cat\/?page_id=3130","title":{"rendered":"Tiana Negra"},"content":{"rendered":"<div class=\"tx-row\">\n<div class=\"tx-column tx-column-size-1-3\">\n<h3>El festival<\/h3>\n<p>Tiana Negra \u00e9s un festival de novel\u00b7la negra catalana que t\u00e9 lloc a Tiana al mes de gener.<\/p>\n<p>El festival, que organitza l&#8217;Ajuntament de Tiana, va n\u00e9ixer al 2013 de la m\u00e0 del periodista i escriptor Sebasti\u00e0 Bennassar per tal de prestigiar la literatura negra en llengua catalana i donar-li un espai de debat.<\/p>\n<p>Podeu consultar tota la informaci\u00f3 del festival al seu <a href=\"https:\/\/tiananegra.cat\/\">web<\/a><\/p>\n<\/div>\n<div class=\"tx-column tx-column-size-1-3\">\n<h3>Premi Memorial Agust\u00ed Veh\u00ed<\/h3>\n<p>El Premi Memorial Agust\u00ed de Veh\u00ed \u00e9s\u00a0 un premi literari atorgat per l&#8217;associaci\u00f3 En Negre, l&#8217;editorial Alrev\u00e9s i l&#8217;Ajuntament de Tiana que es lliura durant la celebraci\u00f3 del festival Tiana Negra a novel\u00b7les originals de g\u00e8nere negre escrites en llengua catalana. Les novel\u00b7les guanyadores s\u00f3n publicades posteriorment a la col\u00b7lecci\u00f3 Crims.cat.<\/p>\n<p>Aquest premi fa honor a l&#8217;escriptor Agust\u00ed Veh\u00ed<\/p>\n<div id=\"bodyContent\" class=\"vector-body ve-init-mw-desktopArticleTarget-targetContainer\" data-mw-ve-target-container=\"\">\n<div>Al 2023, a m\u00e9s, el Tiana Negra ha creat dos premis m\u00e9s: el premi Tiana Negra a la Traject\u00f2ria en la Creaci\u00f3 i el Premi Tiana Negra a la Traject\u00f2ria en la Traducci\u00f3.<\/div>\n<div><\/div>\n<div>Podeu consultar els guanyadors dels premis en aquest <a href=\"https:\/\/docs.google.com\/document\/d\/1KTFEJU-v33y2oROuWZoDDdZ-pqt0Mb1W\/edit?usp=sharing&amp;ouid=110173583887998304394&amp;rtpof=true&amp;sd=true\">enlla\u00e7<\/a><\/div>\n<div><\/div>\n<div id=\"contentSub\"><\/div>\n<\/div>\n<div><\/div>\n<\/div>\n<div class=\"tx-column tx-column-size-1-3\">\n<h3>Tiana Negra a la biblioteca<\/h3>\n<p>Cada any la biblioteca acompanya amb diverses propostes el festival Tiana Negra, des de l&#8217;aparador mensual a mostres de novetats que seran presentades al festival.<\/p>\n<p>A m\u00e9s us\u00a0 oferim clubs de lectura:<\/p>\n<ul>\n<li>Club de lectura Tiana Negra per a adults: Caront, de Jordi de Manuel.<\/li>\n<\/ul>\n<\/div>\n<\/div>\n<div class=\"tx-divider clearfix\" style=\"margin-top: 24px;margin-bottom: 24px\"><\/div>\n<div class=\"tx-row\">\n<div class=\"tx-column tx-column-size-1-2\">\n<\/div>\n<div class=\"tx-column tx-column-size-1-2\">\n<p><center><\/center><br \/>\n<\/div>\n<\/div>\n","protected":false},"excerpt":{"rendered":"","protected":false},"author":1,"featured_media":9563,"parent":2329,"menu_order":0,"comment_status":"closed","ping_status":"closed","template":"page-sidebar.php","meta":[],"_links":{"self":[{"href":"https:\/\/biblioteca.tianat.cat\/index.php?rest_route=\/wp\/v2\/pages\/3130"}],"collection":[{"href":"https:\/\/biblioteca.tianat.cat\/index.php?rest_route=\/wp\/v2\/pages"}],"about":[{"href":"https:\/\/biblioteca.tianat.cat\/index.php?rest_route=\/wp\/v2\/types\/page"}],"author":[{"embeddable":true,"href":"https:\/\/biblioteca.tianat.cat\/index.php?rest_route=\/wp\/v2\/users\/1"}],"replies":[{"embeddable":true,"href":"https:\/\/biblioteca.tianat.cat\/index.php?rest_route=%2Fwp%2Fv2%2Fcomments&post=3130"}],"version-history":[{"count":53,"href":"https:\/\/biblioteca.tianat.cat\/index.php?rest_route=\/wp\/v2\/pages\/3130\/revisions"}],"predecessor-version":[{"id":12270,"href":"https:\/\/biblioteca.tianat.cat\/index.php?rest_route=\/wp\/v2\/pages\/3130\/revisions\/12270"}],"up":[{"embeddable":true,"href":"https:\/\/biblioteca.tianat.cat\/index.php?rest_route=\/wp\/v2\/pages\/2329"}],"wp:featuredmedia":[{"embeddable":true,"href":"https:\/\/biblioteca.tianat.cat\/index.php?rest_route=\/wp\/v2\/media\/9563"}],"wp:attachment":[{"href":"https:\/\/biblioteca.tianat.cat\/index.php?rest_route=%2Fwp%2Fv2%2Fmedia&parent=3130"}],"curies":[{"name":"wp","href":"https:\/\/api.w.org\/{rel}","templated":true}]}}