{"id":3291,"date":"2016-02-05T21:03:49","date_gmt":"2016-02-05T19:03:49","guid":{"rendered":"https:\/\/biblioteca.tianat.cat\/?page_id=3291"},"modified":"2021-02-08T17:23:31","modified_gmt":"2021-02-08T15:23:31","slug":"tria-de-llibres","status":"publish","type":"page","link":"https:\/\/biblioteca.tianat.cat\/?page_id=3291","title":{"rendered":"Guies de lectura"},"content":{"rendered":"<h3>Tria de llibres per les fam\u00edlies<\/h3>\n<p>Volem triar, remenar i seleccionar els millors contes, \u00e0lbums, llibres i pel\u00b7l\u00edcules sobre temes que ens poden interessar. La tria de llibres \u00e9s una proposta de material disponible a la <a href=\"http:\/\/bibliotecavirtual.diba.cat\">Xarxa de Biblioteques de Barcelona<\/a> i que us poden acompanyar en l&#8217;aventura del dia a dia.<br \/>\n<div class=\"tx-blog tx-post-row tx-masonry\"><div class=\"tx-blog-item tx-post-col-4\"><div class=\"tx-border-box\"><div class=\"tx-blog-img\"><a href=\"https:\/\/biblioteca.tianat.cat\/wp-content\/uploads\/2024\/10\/poesia.jpg\" class=\"tx-colorbox\"><img src=\"https:\/\/biblioteca.tianat.cat\/wp-content\/uploads\/2024\/10\/poesia-600x360.jpg\" alt=\"\" class=\"blog-image\" \/><\/a><span class=\"tx-post-comm\"><span>0<\/span><\/span><\/div><div class=\"tx-post-content\"><h3 class=\"tx-post-title\"><a href=\"https:\/\/biblioteca.tianat.cat\/?p=11649\">La poesia amb nom de dona<\/a><\/h3><div class=\"tx-category\"><a href=\"https:\/\/biblioteca.tianat.cat\/?cat=145\" rel=\"category\">Tria de llibres<\/a><\/div><div class=\"tx-blog-content\">Iniciem el mes de mar\u00e7 amb el Dia Internacional de la Dona i gaireb\u00e9 l&#8217;acabem amb el Dia Mundial de la Poesia, el 21 de mar\u00e7. Per aix\u00f2, aquest mes de mar\u00e7<a class=\"moretag\" href=\"https:\/\/biblioteca.tianat.cat\/?p=11649\">Read More...<\/a><\/div><div class=\"tx-meta\"><span class=\"tx-author\">By : <a href=\"https:\/\/biblioteca.tianat.cat\/?author=4\">Marta Huguet<\/a><\/span><span class=\"tx-date\"> | oct. 5, 2024<\/span><\/div><\/div><\/div><\/div><div class=\"tx-blog-item tx-post-col-4\"><div class=\"tx-border-box\"><div class=\"tx-blog-img\"><a href=\"https:\/\/biblioteca.tianat.cat\/wp-content\/uploads\/2024\/10\/picasso.jpg\" class=\"tx-colorbox\"><img src=\"https:\/\/biblioteca.tianat.cat\/wp-content\/uploads\/2024\/10\/picasso-600x360.jpg\" alt=\"\" class=\"blog-image\" \/><\/a><span class=\"tx-post-comm\"><span>0<\/span><\/span><\/div><div class=\"tx-post-content\"><h3 class=\"tx-post-title\"><a href=\"https:\/\/biblioteca.tianat.cat\/?p=11646\">Descobrim un artista: Pablo Picasso<\/a><\/h3><div class=\"tx-category\"><a href=\"https:\/\/biblioteca.tianat.cat\/?cat=145\" rel=\"category\">Tria de llibres<\/a><\/div><div class=\"tx-blog-content\">Pablo Ruiz Picasso ha estat segurament un dels artistes m\u00e9s importants i influents del darrer segle. Va conrear al llarg de la seva traject\u00f2ria diferents g\u00e8neres art\u00edstics: la pintura, l&#8217;escultura amb bronze,<a class=\"moretag\" href=\"https:\/\/biblioteca.tianat.cat\/?p=11646\">Read More...<\/a><\/div><div class=\"tx-meta\"><span class=\"tx-author\">By : <a href=\"https:\/\/biblioteca.tianat.cat\/?author=4\">Marta Huguet<\/a><\/span><span class=\"tx-date\"> | oct. 5, 2024<\/span><\/div><\/div><\/div><\/div><div class=\"tx-blog-item tx-post-col-4\"><div class=\"tx-border-box\"><div class=\"tx-blog-img\"><a href=\"https:\/\/biblioteca.tianat.cat\/wp-content\/uploads\/2024\/10\/lgtbi-cinema.png\" class=\"tx-colorbox\"><img src=\"https:\/\/biblioteca.tianat.cat\/wp-content\/uploads\/2024\/10\/lgtbi-cinema-600x360.png\" alt=\"\" class=\"blog-image\" \/><\/a><span class=\"tx-post-comm\"><span>0<\/span><\/span><\/div><div class=\"tx-post-content\"><h3 class=\"tx-post-title\"><a href=\"https:\/\/biblioteca.tianat.cat\/?p=11643\">LGTBI al cinema<\/a><\/h3><div class=\"tx-category\"><a href=\"https:\/\/biblioteca.tianat.cat\/?cat=145\" rel=\"category\">Tria de llibres<\/a><\/div><div class=\"tx-blog-content\">Les\u00a0revoltes de Stonewall que van marcar l\u2019inici de les manifestacions de l\u2019Orgull i despr\u00e9s d\u2019un llarg cam\u00ed amb entrebancs, persecucions per\u00f2, tamb\u00e9, amb moments d\u2019esperan\u00e7a com l\u2019aprovaci\u00f3 del matrimoni igualitari o de<a class=\"moretag\" href=\"https:\/\/biblioteca.tianat.cat\/?p=11643\">Read More...<\/a><\/div><div class=\"tx-meta\"><span class=\"tx-author\">By : <a href=\"https:\/\/biblioteca.tianat.cat\/?author=4\">Marta Huguet<\/a><\/span><span class=\"tx-date\"> | oct. 5, 2024<\/span><\/div><\/div><\/div><\/div><div class=\"tx-blog-item tx-post-col-4\"><div class=\"tx-border-box\"><div class=\"tx-blog-img\"><a href=\"https:\/\/biblioteca.tianat.cat\/wp-content\/uploads\/2024\/10\/riu.jpg\" class=\"tx-colorbox\"><img src=\"https:\/\/biblioteca.tianat.cat\/wp-content\/uploads\/2024\/10\/riu-600x360.jpg\" alt=\"\" class=\"blog-image\" \/><\/a><span class=\"tx-post-comm\"><span>0<\/span><\/span><\/div><div class=\"tx-post-content\"><h3 class=\"tx-post-title\"><a href=\"https:\/\/biblioteca.tianat.cat\/?p=11639\">Seguint el curs del riu<\/a><\/h3><div class=\"tx-category\"><a href=\"https:\/\/biblioteca.tianat.cat\/?cat=145\" rel=\"category\">Tria de llibres<\/a><\/div><div class=\"tx-blog-content\">Els rius s\u00f3n corrents d&#8217;aigua que flueixen de manera continua. Cada riu \u00e9s diferent, cada riu t\u00e9 un cabal, poques vegades \u00e9s constant i normalment solen acabar en mars, llacs i fins<a class=\"moretag\" href=\"https:\/\/biblioteca.tianat.cat\/?p=11639\">Read More...<\/a><\/div><div class=\"tx-meta\"><span class=\"tx-author\">By : <a href=\"https:\/\/biblioteca.tianat.cat\/?author=4\">Marta Huguet<\/a><\/span><span class=\"tx-date\"> | oct. 5, 2024<\/span><\/div><\/div><\/div><\/div><\/div><div class=\"nx-paging\"><div class=\"nx-paging-inner\"><span aria-current=\"page\" class=\"page-numbers current\">1<\/span>\n<a class=\"page-numbers\" href=\"https:\/\/biblioteca.tianat.cat\/index.php\/?paged=2&#038;rest_route=%2Fwp%2Fv2%2Fpages%2F3291\">2<\/a>\n<a class=\"page-numbers\" href=\"https:\/\/biblioteca.tianat.cat\/index.php\/?paged=3&#038;rest_route=%2Fwp%2Fv2%2Fpages%2F3291\">3<\/a>\n<span class=\"page-numbers dots\">&hellip;<\/span>\n<a class=\"page-numbers\" href=\"https:\/\/biblioteca.tianat.cat\/index.php\/?paged=16&#038;rest_route=%2Fwp%2Fv2%2Fpages%2F3291\">16<\/a>\n<a class=\"next page-numbers\" href=\"https:\/\/biblioteca.tianat.cat\/index.php\/?paged=2&#038;rest_route=%2Fwp%2Fv2%2Fpages%2F3291\">&raquo;<\/a><\/div><\/div>\n","protected":false},"excerpt":{"rendered":"<p>Tria de llibres per les fam\u00edlies Volem triar, remenar i seleccionar els millors contes, \u00e0lbums, llibres i pel\u00b7l\u00edcules sobre temes que ens poden interessar. La tria de llibres \u00e9s una proposta de<a class=\"moretag\" href=\"https:\/\/biblioteca.tianat.cat\/?p=11639\">Read More&#8230;<\/a><\/p>\n","protected":false},"author":1,"featured_media":0,"parent":0,"menu_order":0,"comment_status":"closed","ping_status":"closed","template":"page-sidebar.php","meta":[],"_links":{"self":[{"href":"https:\/\/biblioteca.tianat.cat\/index.php?rest_route=\/wp\/v2\/pages\/3291"}],"collection":[{"href":"https:\/\/biblioteca.tianat.cat\/index.php?rest_route=\/wp\/v2\/pages"}],"about":[{"href":"https:\/\/biblioteca.tianat.cat\/index.php?rest_route=\/wp\/v2\/types\/page"}],"author":[{"embeddable":true,"href":"https:\/\/biblioteca.tianat.cat\/index.php?rest_route=\/wp\/v2\/users\/1"}],"replies":[{"embeddable":true,"href":"https:\/\/biblioteca.tianat.cat\/index.php?rest_route=%2Fwp%2Fv2%2Fcomments&post=3291"}],"version-history":[{"count":7,"href":"https:\/\/biblioteca.tianat.cat\/index.php?rest_route=\/wp\/v2\/pages\/3291\/revisions"}],"predecessor-version":[{"id":3304,"href":"https:\/\/biblioteca.tianat.cat\/index.php?rest_route=\/wp\/v2\/pages\/3291\/revisions\/3304"}],"wp:attachment":[{"href":"https:\/\/biblioteca.tianat.cat\/index.php?rest_route=%2Fwp%2Fv2%2Fmedia&parent=3291"}],"curies":[{"name":"wp","href":"https:\/\/api.w.org\/{rel}","templated":true}]}}