{"id":506,"date":"2015-05-14T08:03:00","date_gmt":"2015-05-14T08:03:00","guid":{"rendered":"https:\/\/biblioteca.tianat.cat\/?page_id=506"},"modified":"2026-03-28T13:20:02","modified_gmt":"2026-03-28T11:20:02","slug":"agenda_20","status":"publish","type":"page","link":"https:\/\/biblioteca.tianat.cat\/?page_id=506","title":{"rendered":"Agenda"},"content":{"rendered":"\n<div class=\"tx-row\"><br><div class=\"tx-column tx-column-size-1-2\"><\/div>\n\n\n\n<h2><\/h2>\n\n\n<div class=\"tx-column tx-column-size-1-2\"><\/div>\n\n\n\n<p class=\"has-medium-font-size\"><\/p>\n\n\n\n<p class=\"has-vivid-cyan-blue-color has-text-color\"><\/p>\n\n\n\n<h2>Abril<\/h2>\n\n\n\n<p><span style=\"font-family: 'Source Sans Pro',sans-serif; color: #141412;\"><div class=\"tx-column tx-column-size-1-2\"><\/div><\/span><\/p>\n\n\n\n<h3><\/h3>\n\n\n\n<h3><\/h3>\n\n\n\n<p>Dijous 9 d&#8217;abril a les 18.45 h<br><strong>Club du livre:<\/strong> <em>Les loyautes, <\/em>de Delphine de Vigan<br>Coordina: Enriqueta de la Fuente<\/p>\n\n\n\n<p class=\"has-vivid-cyan-blue-color has-text-color\">Divendres 10 d&#8217;abril a les 17 h<br><strong>Club de lectura infantil del gomet vermell<\/strong>: <em>La can\u00e7\u00f3 de l&#8217;ocell toc, <\/em>de Fran Pintadera<br>A c\u00e0rrec del personal de la Biblioteca<br>Club per a infants de <strong>7 a 10 anys<\/strong><\/p>\n\n\n\n<p class=\"has-vivid-cyan-blue-color has-text-color\">Divendres 10 d&#8217;abril a les 18 h<br><strong>Club de lectura infantil del gomet verd<\/strong>: <em>El llop, <\/em>de Sasa Stanisic<br>A c\u00e0rrec del personal de la Biblioteca<br>Club per a infants d&#8217;<strong>11 a 14 anys<\/strong><\/p>\n\n\n\n<p>Dimecres 15 d&#8217;abril a les 18 h<br><strong>Club d&#8217;escriptura<\/strong>, a c\u00e0rrec d&#8217;Ian Levy<\/p>\n\n\n\n<p class=\"has-vivid-cyan-blue-color has-text-color\">Dissabte 18 d&#8217;abril a les 11 h<br><strong>L&#8217;hora menuda<\/strong>: Cantem contes, a c\u00e0rrec de Clara Ribatallada<br>Per a fam\u00edlies amb infants de <strong>0 a 3 anys<\/strong><\/p>\n\n\n\n<p>Dijous 23 d&#8217;abril: Diada de Sant Jordi<br>Al passatge Moragas<br><strong>Signatures d&#8217;autors:<\/strong><br>Mat\u00ed:<br>11.30 h Karina Coq<br>11.30 h Ana Sender<br>12 h Aleix Armenteros<br>12 h Salva L\u00f3pez<br>12 h Josep Maria Toffoli i Emili Mu\u00f1oz<\/p>\n\n\n\n<p>Tarda:<br>17 h Roger Tartera<br>17 h Eva Santana<br>17 h Josep Maria Toffoli i Emili Mu\u00f1oz<br>17 h Mary Carmen Briones i Maricarmen Roda S\u00e1nchez<\/p>\n\n\n\n<p class=\"has-vivid-cyan-blue-color has-text-color\">Dijous 23 d&#8217;abril a les 18 h<br><strong>Hora del conte<\/strong>: Llegendes de dracs, a c\u00e0rrec d&#8217;Ingrid Domingo<br>Per a infants a partir de <strong>4 anys<\/strong><\/p>\n\n\n\n<p>Divendres 24 d&#8217;abril a les 18.30 h<br><strong>Club de lectura<\/strong>: <em>Proleterka, <\/em>de Fleur Jaeggy<br>Coordina: Toni Sala<\/p>\n\n\n\n<p>Dimecres 29 d&#8217;abril a les 18.45 h<br><strong>Club Llegir el teatre<\/strong>: <em>El firmament, <\/em>de Lucy Kirwood<br>Coordina: Elisenda Guiu<\/p>\n\n\n\n<p>Dijous 30 d&#8217;abril a les 19 h<br><strong>Book club:<\/strong> <em>Harlem Shuffle, <\/em>de Colson Whitehead<br>Coordina: Laura Patricio<\/p>\n\n\n\n<p><\/p>\n\n\n\n<p><\/p>\n\n\n\n<p><span style=\"font-family: 'Source Sans Pro',sans-serif; color: #141412;\">&nbsp;<\/span><\/p>\n\n\n\n<div class=\"is-layout-flex wp-container-2 wp-block-columns\">\n<div class=\"is-layout-flow wp-block-column\" style=\"flex-basis:100%\"><div class=\"tx-row\"><\/div>\n<h3>Activitats<\/h3>\n<div class=\"tx-blog tx-post-row tx-masonry\"><div class=\"tx-blog-item tx-post-col-4\"><div class=\"tx-border-box\"><div class=\"tx-blog-img\"><a href=\"https:\/\/biblioteca.tianat.cat\/wp-content\/uploads\/2026\/03\/hora-menuda-BV.jpg\" class=\"tx-colorbox\"><img src=\"https:\/\/biblioteca.tianat.cat\/wp-content\/uploads\/2026\/03\/hora-menuda-BV-600x360.jpg\" alt=\"\" class=\"blog-image\" \/><\/a><span class=\"tx-post-comm\"><span>0<\/span><\/span><\/div><div class=\"tx-post-content\"><h3 class=\"tx-post-title\"><a href=\"https:\/\/biblioteca.tianat.cat\/?p=12382\">L&#8217;hora menuda: Cantem contes<\/a><\/h3><div style=\"height: 16px;\"><\/div><div class=\"tx-blog-content\">Dissabte 18 d&#8217;abril a les 11 h. Aquest dissabte amb l\u2019acompanyament d\u2019un acordi\u00f3 diat\u00f2nic, cantarem contes\u2026 o potser contarem can\u00e7ons. Tot dep\u00e8n de com es miri! En aquesta sessi\u00f3, cada hist\u00f2ria amaga<a class=\"moretag\" href=\"https:\/\/biblioteca.tianat.cat\/?p=12382\">Read More...<\/a><\/div><div class=\"tx-meta\"><span class=\"tx-author\">By : <a href=\"https:\/\/biblioteca.tianat.cat\/?author=4\">Marta Huguet<\/a><\/span><span class=\"tx-date\"> | mar\u00e7 28, 2026<\/span><\/div><\/div><\/div><\/div><div class=\"tx-blog-item tx-post-col-4\"><div class=\"tx-border-box\"><div class=\"tx-blog-img\"><a href=\"https:\/\/biblioteca.tianat.cat\/wp-content\/uploads\/2026\/03\/Hora-conte-BV-1.jpg\" class=\"tx-colorbox\"><img src=\"https:\/\/biblioteca.tianat.cat\/wp-content\/uploads\/2026\/03\/Hora-conte-BV-1-600x360.jpg\" alt=\"\" class=\"blog-image\" \/><\/a><span class=\"tx-post-comm\"><span>0<\/span><\/span><\/div><div class=\"tx-post-content\"><h3 class=\"tx-post-title\"><a href=\"https:\/\/biblioteca.tianat.cat\/?p=12379\">Hora del conte: Llegendes de dracs<\/a><\/h3><div style=\"height: 16px;\"><\/div><div class=\"tx-blog-content\">Dijous 23 d&#8217;abril a les 18 h. Aquest dijous, diada de Sant Jordi, la Biblioteca acollir\u00e0 una hora del conte que porta per t\u00edtol: &#8220;Llegendes de dracs&#8221;, una proposta per descobrir hist\u00f2ries<a class=\"moretag\" href=\"https:\/\/biblioteca.tianat.cat\/?p=12379\">Read More...<\/a><\/div><div class=\"tx-meta\"><span class=\"tx-author\">By : <a href=\"https:\/\/biblioteca.tianat.cat\/?author=4\">Marta Huguet<\/a><\/span><span class=\"tx-date\"> | mar\u00e7 28, 2026<\/span><\/div><\/div><\/div><\/div><div class=\"tx-blog-item tx-post-col-4\"><div class=\"tx-border-box\"><div class=\"tx-blog-img\"><a href=\"https:\/\/biblioteca.tianat.cat\/wp-content\/uploads\/2026\/02\/HoradelConte_LaVerema.jpg\" class=\"tx-colorbox\"><img src=\"https:\/\/biblioteca.tianat.cat\/wp-content\/uploads\/2026\/02\/HoradelConte_LaVerema-600x360.jpg\" alt=\"\" class=\"blog-image\" \/><\/a><span class=\"tx-post-comm\"><span>0<\/span><\/span><\/div><div class=\"tx-post-content\"><h3 class=\"tx-post-title\"><a href=\"https:\/\/biblioteca.tianat.cat\/?p=12331\">Hora del conte: La verema<\/a><\/h3><div style=\"height: 16px;\"><\/div><div class=\"tx-blog-content\">Dijous 19 de mar\u00e7 a les 18 h. Aquesta sessi\u00f3 quinzenal de l&#8217;hora del conte, estar\u00e0 dedicada a La Verema i anir\u00e0 a c\u00e0rrec de la mateixa autora del llibre, Noem\u00ed Fern\u00e1ndez.<a class=\"moretag\" href=\"https:\/\/biblioteca.tianat.cat\/?p=12331\">Read More...<\/a><\/div><div class=\"tx-meta\"><span class=\"tx-author\">By : <a href=\"https:\/\/biblioteca.tianat.cat\/?author=4\">Marta Huguet<\/a><\/span><span class=\"tx-date\"> | febr. 26, 2026<\/span><\/div><\/div><\/div><\/div><div class=\"tx-blog-item tx-post-col-4\"><div class=\"tx-border-box\"><div class=\"tx-blog-img\"><a href=\"https:\/\/biblioteca.tianat.cat\/wp-content\/uploads\/2026\/02\/Tiana-Llegim-2.jpg\" class=\"tx-colorbox\"><img src=\"https:\/\/biblioteca.tianat.cat\/wp-content\/uploads\/2026\/02\/Tiana-Llegim-2-600x360.jpg\" alt=\"\" class=\"blog-image\" \/><\/a><span class=\"tx-post-comm\"><span>0<\/span><\/span><\/div><div class=\"tx-post-content\"><h3 class=\"tx-post-title\"><a href=\"https:\/\/biblioteca.tianat.cat\/?p=12337\">Presentaci\u00f3 de llibre: Micro\u00e9xitos : la revoluci\u00f3n de los peque\u00f1os logros<\/a><\/h3><div style=\"height: 16px;\"><\/div><div class=\"tx-blog-content\">Dimecres 4 de mar\u00e7 a les 19 h. Comencem les activitats d&#8217;aquest mes de mar\u00e7 amb la presentaci\u00f3 del llibre de Salva L\u00f3pez: Micro\u00e9xitos : la revoluci\u00f3n de los peque\u00f1os logros. Salva<a class=\"moretag\" href=\"https:\/\/biblioteca.tianat.cat\/?p=12337\">Read More...<\/a><\/div><div class=\"tx-meta\"><span class=\"tx-author\">By : <a href=\"https:\/\/biblioteca.tianat.cat\/?author=4\">Marta Huguet<\/a><\/span><span class=\"tx-date\"> | febr. 25, 2026<\/span><\/div><\/div><\/div><\/div><\/div>\n<\/div>\n<\/div>\n<\/div>\n","protected":false},"excerpt":{"rendered":"","protected":false},"author":1,"featured_media":0,"parent":0,"menu_order":0,"comment_status":"closed","ping_status":"closed","template":"page-sidebar.php","meta":[],"_links":{"self":[{"href":"https:\/\/biblioteca.tianat.cat\/index.php?rest_route=\/wp\/v2\/pages\/506"}],"collection":[{"href":"https:\/\/biblioteca.tianat.cat\/index.php?rest_route=\/wp\/v2\/pages"}],"about":[{"href":"https:\/\/biblioteca.tianat.cat\/index.php?rest_route=\/wp\/v2\/types\/page"}],"author":[{"embeddable":true,"href":"https:\/\/biblioteca.tianat.cat\/index.php?rest_route=\/wp\/v2\/users\/1"}],"replies":[{"embeddable":true,"href":"https:\/\/biblioteca.tianat.cat\/index.php?rest_route=%2Fwp%2Fv2%2Fcomments&post=506"}],"version-history":[{"count":422,"href":"https:\/\/biblioteca.tianat.cat\/index.php?rest_route=\/wp\/v2\/pages\/506\/revisions"}],"predecessor-version":[{"id":12411,"href":"https:\/\/biblioteca.tianat.cat\/index.php?rest_route=\/wp\/v2\/pages\/506\/revisions\/12411"}],"wp:attachment":[{"href":"https:\/\/biblioteca.tianat.cat\/index.php?rest_route=%2Fwp%2Fv2%2Fmedia&parent=506"}],"curies":[{"name":"wp","href":"https:\/\/api.w.org\/{rel}","templated":true}]}}