{"id":5558,"date":"2017-11-20T08:00:43","date_gmt":"2017-11-20T06:00:43","guid":{"rendered":"https:\/\/biblioteca.tianat.cat\/?page_id=5558"},"modified":"2017-11-30T14:32:08","modified_gmt":"2017-11-30T12:32:08","slug":"homenatge-a-jane-austen","status":"publish","type":"page","link":"https:\/\/biblioteca.tianat.cat\/?page_id=5558","title":{"rendered":"Homenatge a Jane Austen"},"content":{"rendered":"<p style=\"text-align: justify;\">Volem en el queda d&#8217;aquest any 2017 retre el merescut homenatge a la que ha estat una de les efem\u00e8rides m\u00e9s importants de l&#8217;any. el 200\u00e8 aniversari de la mort de Jane Austen. Per aquest motiu, en aquesta secci\u00f3 que hem creat,\u00a0hem volgut compartir una s\u00e8rie d&#8217;articles d&#8217;opini\u00f3 i uns v\u00eddeos de companys i usuaris llegint a la meravellosa escriptora. Esperem que us animeu a participar i us esperem en la xerrada que t\u00e8 per nom\u00a0<strong><em>Jane Austen i el segle XXI<\/em><\/strong>, que la periodista i llibretera Marina Porras ens oferir\u00e0 sobre l&#8217;autora el proper dia\u00a0<strong>5 de desembre a les 19 h<\/strong>\u00a0a la biblioteca. Hi esteu tots convidats!<\/p>\n<div class=\"tx-blog tx-post-row tx-carousel\" data-columns=\"5\"><div class=\"tx-blog-item tx-post-col-5\"><div class=\"tx-border-box\"><div class=\"tx-blog-img\"><a href=\"https:\/\/biblioteca.tianat.cat\/wp-content\/uploads\/2017\/11\/austen1.jpg\" class=\"tx-colorbox\"><img src=\"https:\/\/biblioteca.tianat.cat\/wp-content\/uploads\/2017\/11\/austen1-600x360.jpg\" alt=\"\" class=\"blog-image\" \/><\/a><span class=\"tx-post-comm\"><span>0<\/span><\/span><\/div><div class=\"tx-post-content\"><h3 class=\"tx-post-title\"><a href=\"https:\/\/biblioteca.tianat.cat\/?p=5792\">Guia d&#8217;adaptacions cinematogr\u00e0fiques i televisives<\/a><\/h3><div style=\"height: 16px;\"><\/div><div class=\"tx-blog-content\">La nostra amiga Maite Cuende, bibliotec\u00e0ria de vocaci\u00f3 i amant de l&#8217;escriptora, ens ha elaborat una guia d&#8217;adaptacions al cinema i la televisi\u00f3 que s&#8217;han fet al llarg dels anys. Sense cap<a class=\"moretag\" href=\"https:\/\/biblioteca.tianat.cat\/?p=5792\">Read More...<\/a><\/div><div class=\"tx-meta\"><span class=\"tx-author\">By : <a href=\"https:\/\/biblioteca.tianat.cat\/?author=1\">Biblioteca Can Baratau<\/a><\/span><span class=\"tx-date\"> | nov. 30, 2017<\/span><\/div><\/div><\/div><\/div><div class=\"tx-blog-item tx-post-col-5\"><div class=\"tx-border-box\"><div class=\"tx-blog-img\"><a href=\"https:\/\/biblioteca.tianat.cat\/wp-content\/uploads\/2017\/11\/llegim.jpg\" class=\"tx-colorbox\"><img src=\"https:\/\/biblioteca.tianat.cat\/wp-content\/uploads\/2017\/11\/llegim-600x360.jpg\" alt=\"\" class=\"blog-image\" \/><\/a><span class=\"tx-post-comm\"><span>0<\/span><\/span><\/div><div class=\"tx-post-content\"><h3 class=\"tx-post-title\"><a href=\"https:\/\/biblioteca.tianat.cat\/?p=5728\">Llegim la Jane i fem un v\u00eddeo?<\/a><\/h3><div style=\"height: 16px;\"><\/div><div class=\"tx-blog-content\">Hem pensat que no pod\u00edem oferir un millor homenatge a Jane Austen si no sent\u00edem de &#8220;viva veu&#8221;\u00a0les seves lectures, \u00e9s a dir, si no les lleg\u00edem en veu alta. Per aix\u00f2,<a class=\"moretag\" href=\"https:\/\/biblioteca.tianat.cat\/?p=5728\">Read More...<\/a><\/div><div class=\"tx-meta\"><span class=\"tx-author\">By : <a href=\"https:\/\/biblioteca.tianat.cat\/?author=1\">Biblioteca Can Baratau<\/a><\/span><span class=\"tx-date\"> | nov. 20, 2017<\/span><\/div><\/div><\/div><\/div><div class=\"tx-blog-item tx-post-col-5\"><div class=\"tx-border-box\"><div class=\"tx-blog-img\"><a href=\"https:\/\/biblioteca.tianat.cat\/wp-content\/uploads\/2017\/11\/writing.jpg\" class=\"tx-colorbox\"><img src=\"https:\/\/biblioteca.tianat.cat\/wp-content\/uploads\/2017\/11\/writing-600x360.jpg\" alt=\"\" class=\"blog-image\" \/><\/a><span class=\"tx-post-comm\"><span>0<\/span><\/span><\/div><div class=\"tx-post-content\"><h3 class=\"tx-post-title\"><a href=\"https:\/\/biblioteca.tianat.cat\/?p=5726\">Articles d&#8217;opini\u00f3<\/a><\/h3><div style=\"height: 16px;\"><\/div><div class=\"tx-blog-content\">Articles d&#8217;opinio Us oferim un tast d&#8217;articles sobre la Jane Austen en aquest apartat. Alguns s\u00f3n de nova creaci\u00f3, i d&#8217;altres han estat rescatats de l'&#8221;armari&#8221; de la Marina Porras, llibretera i<a class=\"moretag\" href=\"https:\/\/biblioteca.tianat.cat\/?p=5726\">Read More...<\/a><\/div><div class=\"tx-meta\"><span class=\"tx-author\">By : <a href=\"https:\/\/biblioteca.tianat.cat\/?author=1\">Biblioteca Can Baratau<\/a><\/span><span class=\"tx-date\"> | nov. 20, 2017<\/span><\/div><\/div><\/div><\/div><div class=\"tx-blog-item tx-post-col-5\"><div class=\"tx-border-box\"><div class=\"tx-blog-img\"><a href=\"https:\/\/biblioteca.tianat.cat\/wp-content\/uploads\/2017\/11\/Plafo1_portada_web-1024x709.jpg\" class=\"tx-colorbox\"><img src=\"https:\/\/biblioteca.tianat.cat\/wp-content\/uploads\/2017\/11\/Plafo1_portada_web-600x360.jpg\" alt=\"\" class=\"blog-image\" \/><\/a><span class=\"tx-post-comm\"><span>0<\/span><\/span><\/div><div class=\"tx-post-content\"><h3 class=\"tx-post-title\"><a href=\"https:\/\/biblioteca.tianat.cat\/?p=5677\">Jane Austen i el segle XXI &#8211; Xerrada de Marina Porras<\/a><\/h3><div style=\"height: 16px;\"><\/div><div class=\"tx-blog-content\">El punt central d&#8217;aquest homenatge que des de Can Baratau volem fer a la Jane Austen \u00e9s la Xerrada\u00a0anomenada\u00a0Jane Austen i el segle XXI, que l&#8217;escriptora, periodista i llibretera\u00a0Marina Porras\u00a0ens vindr\u00e0 a<a class=\"moretag\" href=\"https:\/\/biblioteca.tianat.cat\/?p=5677\">Read More...<\/a><\/div><div class=\"tx-meta\"><span class=\"tx-author\">By : <a href=\"https:\/\/biblioteca.tianat.cat\/?author=1\">Biblioteca Can Baratau<\/a><\/span><span class=\"tx-date\"> | nov. 20, 2017<\/span><\/div><\/div><\/div><\/div><div class=\"tx-blog-item tx-post-col-5\"><div class=\"tx-border-box\"><div class=\"tx-blog-img\"><a href=\"https:\/\/biblioteca.tianat.cat\/wp-content\/uploads\/2017\/11\/Imatge-Jane-Austen.jpg\" class=\"tx-colorbox\"><img src=\"https:\/\/biblioteca.tianat.cat\/wp-content\/uploads\/2017\/11\/Imatge-Jane-Austen-600x360.jpg\" alt=\"\" class=\"blog-image\" \/><\/a><span class=\"tx-post-comm\"><span>0<\/span><\/span><\/div><div class=\"tx-post-content\"><h3 class=\"tx-post-title\"><a href=\"https:\/\/biblioteca.tianat.cat\/?p=5620\">Jane Austen, 200 aniversari<\/a><\/h3><div style=\"height: 16px;\"><\/div><div class=\"tx-blog-content\">Va n\u00e9ixer el 16 desembre\u00a0 1775 a la rectoria d\u2019Steventon, Hampshire, \u00a0i va morir el 18 juliol 1817 a Winchester. Els primers 25 anys de la seva vida va viure a Steventon,<a class=\"moretag\" href=\"https:\/\/biblioteca.tianat.cat\/?p=5620\">Read More...<\/a><\/div><div class=\"tx-meta\"><span class=\"tx-author\">By : <a href=\"https:\/\/biblioteca.tianat.cat\/?author=1\">Biblioteca Can Baratau<\/a><\/span><span class=\"tx-date\"> | nov. 20, 2017<\/span><\/div><\/div><\/div><\/div><\/div>\n","protected":false},"excerpt":{"rendered":"<p>Volem en el queda d&#8217;aquest any 2017 retre el merescut homenatge a la que ha estat una de les efem\u00e8rides m\u00e9s importants de l&#8217;any. el 200\u00e8 aniversari de la mort de Jane<a class=\"moretag\" href=\"https:\/\/biblioteca.tianat.cat\/?p=5620\">Read More&#8230;<\/a><\/p>\n","protected":false},"author":1,"featured_media":5528,"parent":2329,"menu_order":0,"comment_status":"closed","ping_status":"closed","template":"","meta":[],"_links":{"self":[{"href":"https:\/\/biblioteca.tianat.cat\/index.php?rest_route=\/wp\/v2\/pages\/5558"}],"collection":[{"href":"https:\/\/biblioteca.tianat.cat\/index.php?rest_route=\/wp\/v2\/pages"}],"about":[{"href":"https:\/\/biblioteca.tianat.cat\/index.php?rest_route=\/wp\/v2\/types\/page"}],"author":[{"embeddable":true,"href":"https:\/\/biblioteca.tianat.cat\/index.php?rest_route=\/wp\/v2\/users\/1"}],"replies":[{"embeddable":true,"href":"https:\/\/biblioteca.tianat.cat\/index.php?rest_route=%2Fwp%2Fv2%2Fcomments&post=5558"}],"version-history":[{"count":12,"href":"https:\/\/biblioteca.tianat.cat\/index.php?rest_route=\/wp\/v2\/pages\/5558\/revisions"}],"predecessor-version":[{"id":5795,"href":"https:\/\/biblioteca.tianat.cat\/index.php?rest_route=\/wp\/v2\/pages\/5558\/revisions\/5795"}],"up":[{"embeddable":true,"href":"https:\/\/biblioteca.tianat.cat\/index.php?rest_route=\/wp\/v2\/pages\/2329"}],"wp:featuredmedia":[{"embeddable":true,"href":"https:\/\/biblioteca.tianat.cat\/index.php?rest_route=\/wp\/v2\/media\/5528"}],"wp:attachment":[{"href":"https:\/\/biblioteca.tianat.cat\/index.php?rest_route=%2Fwp%2Fv2%2Fmedia&parent=5558"}],"curies":[{"name":"wp","href":"https:\/\/api.w.org\/{rel}","templated":true}]}}