{"id":6904,"date":"2019-08-01T18:01:40","date_gmt":"2019-08-01T16:01:40","guid":{"rendered":"https:\/\/biblioteca.tianat.cat\/?page_id=6904"},"modified":"2024-10-01T16:40:58","modified_gmt":"2024-10-01T14:40:58","slug":"parcs-i-biblioteques-naturalment","status":"publish","type":"page","link":"https:\/\/biblioteca.tianat.cat\/?page_id=6904","title":{"rendered":"Parcs i biblioteques&#8230;naturalment!"},"content":{"rendered":"<div class=\"tx-row\">\n<div class=\"tx-column tx-column-size-1-1\">\n<h2>Qu\u00e8 \u00e9s?<\/h2>\n<p style=\"text-align: justify;\"><a href=\"https:\/\/biblioteca.tianat.cat\/wp-content\/uploads\/2019\/08\/parcsibiblios_17_logo.jpg\"><img decoding=\"async\" loading=\"lazy\" class=\"alignleft wp-image-6905 size-large\" src=\"https:\/\/biblioteca.tianat.cat\/wp-content\/uploads\/2019\/08\/parcsibiblios_17_logo-1024x587.jpg\" alt=\"parcsibiblios_17_logo\" width=\"604\" height=\"346\" srcset=\"https:\/\/biblioteca.tianat.cat\/wp-content\/uploads\/2019\/08\/parcsibiblios_17_logo-1024x587.jpg 1024w, https:\/\/biblioteca.tianat.cat\/wp-content\/uploads\/2019\/08\/parcsibiblios_17_logo-300x172.jpg 300w, https:\/\/biblioteca.tianat.cat\/wp-content\/uploads\/2019\/08\/parcsibiblios_17_logo.jpg 1398w\" sizes=\"(max-width: 604px) 100vw, 604px\" \/><\/a>Parcs i biblioteques&#8230; naturalment! \u00e9s un programa de col\u00b7laboraci\u00f3 entre la Xarxa de Biblioteques Municipals i la Xarxa de Parcs Naturals per acostar els usuaris de les biblioteques als entorns naturals del territori, per coneixer-lo, gaudir-lo i ser-ne conscients\u00a0 de la necessitat de conservar-lo.<\/p>\n<p style=\"text-align: justify;\">Amb aquest projecte, t\u2019animem a con\u00e8ixer el territori aix\u00ed com el patrimoni natural i cultural del teu entorn. Documentals, xerrades, tallers i visites guiades organitzades per les biblioteques p\u00fabliques dels municipis establerts en cada zona d\u2019influ\u00e8ncia dels Parcs Naturals t\u2019aproparan la lectura i la natura. La zona d&#8217;influ\u00e8ncia de Tiana \u00e9s el Parc de la Serralada de Marina.<\/p>\n<p>Aquesta iniciativa \u00e9s un comprom\u00eds de col\u00b7laboraci\u00f3 entre la Ger\u00e8ncia de Serveis de Biblioteques i la Ger\u00e8ncia de Serveis d\u2019Espais Naturals de la Diputaci\u00f3 de Barcelona<\/p>\n<\/div>\n<h4>Agenda<\/h4>\n<p><a href=\"https:\/\/bibliotecavirtual.diba.cat\/documents\/d\/global\/agenda-pib-marina\" target=\"_blank\" rel=\"noopener\">Consulta l&#8217;agenda d&#8217;activitats de Parcs i Biblioteques&#8230; naturalment!<\/a><\/p>\n<\/div>\n<div class=\"tx-divider clearfix\" style=\"margin-top: 10px;margin-bottom: 10px\"><\/div>\n","protected":false},"excerpt":{"rendered":"","protected":false},"author":1,"featured_media":0,"parent":2329,"menu_order":0,"comment_status":"closed","ping_status":"closed","template":"","meta":[],"_links":{"self":[{"href":"https:\/\/biblioteca.tianat.cat\/index.php?rest_route=\/wp\/v2\/pages\/6904"}],"collection":[{"href":"https:\/\/biblioteca.tianat.cat\/index.php?rest_route=\/wp\/v2\/pages"}],"about":[{"href":"https:\/\/biblioteca.tianat.cat\/index.php?rest_route=\/wp\/v2\/types\/page"}],"author":[{"embeddable":true,"href":"https:\/\/biblioteca.tianat.cat\/index.php?rest_route=\/wp\/v2\/users\/1"}],"replies":[{"embeddable":true,"href":"https:\/\/biblioteca.tianat.cat\/index.php?rest_route=%2Fwp%2Fv2%2Fcomments&post=6904"}],"version-history":[{"count":41,"href":"https:\/\/biblioteca.tianat.cat\/index.php?rest_route=\/wp\/v2\/pages\/6904\/revisions"}],"predecessor-version":[{"id":11615,"href":"https:\/\/biblioteca.tianat.cat\/index.php?rest_route=\/wp\/v2\/pages\/6904\/revisions\/11615"}],"up":[{"embeddable":true,"href":"https:\/\/biblioteca.tianat.cat\/index.php?rest_route=\/wp\/v2\/pages\/2329"}],"wp:attachment":[{"href":"https:\/\/biblioteca.tianat.cat\/index.php?rest_route=%2Fwp%2Fv2%2Fmedia&parent=6904"}],"curies":[{"name":"wp","href":"https:\/\/api.w.org\/{rel}","templated":true}]}}