{"id":7432,"date":"2020-04-27T13:46:09","date_gmt":"2020-04-27T11:46:09","guid":{"rendered":"https:\/\/biblioteca.tianat.cat\/?page_id=7432"},"modified":"2021-02-08T18:21:38","modified_gmt":"2021-02-08T16:21:38","slug":"ebiblio","status":"publish","type":"page","link":"https:\/\/biblioteca.tianat.cat\/?page_id=7432","title":{"rendered":"eBiblioCat"},"content":{"rendered":"<div class=\"tx-row\">\n<div class=\"tx-column tx-column-size-2-3\">\n<h3>Qu\u00e8\u00a0\u00e9s\u00a0eBiblio?<\/h3>\n<p><strong><em><a href=\"https:\/\/catalunya.ebiblio.es\/opac\/\">eBiblio<\/a> Catalunya<\/em><\/strong>\u00a0\u00e9s el servei de pr\u00e9stec electr\u00f2nic de llibres, revistes, diaris i pel\u00b7l\u00edcules per a les persones usu\u00e0ries del Sistema de Lectura P\u00fablica de Catalunya.<\/p>\n<p>Es pot accedir mitjan\u00e7ant la p\u00e0gina <a href=\"https:\/\/biblioteca.ebiblio.cat\/opac\/#index\">web <\/a>o amb l&#8217;aplicaci\u00f3 <strong>Biblio Digital<\/strong>\u00a0per a iOs i Android.<\/p>\n<p>Per accedir-hi, s&#8217;ha de disposar del carnet de\u00a0biblioteca\u00a0i tenir una adre\u00e7a de correu electr\u00f2nic informada al registre d\u2019usuari de l&#8217;Alad\u00ed.<\/p>\n<p>Per identificar-se s&#8217;ha de posar el n\u00famero de codi de barres del carnet i la contrasenya (per defecte, la data de naixement amb format ddmmaaaa).<\/p>\n<p>Els llibres electr\u00f2nics es poden llegir a trav\u00e9s de diferents dispositius: tauletes, tel\u00e8fons intel\u00b7ligents, ordinadors personals o lectors de llibres electr\u00f2nics.<\/p>\n<\/div>\n<div class=\"tx-column tx-column-size-1-3\">\n<h3>Normativa de pr\u00e9stec eBiblio:<\/h3>\n<p>Es poden tenir en pr\u00e9stec fins a 4 documents alhora; el per\u00edode m\u00e0xim de pr\u00e9stec per a cada document \u00e9s de 21 dies.<\/p>\n<p>Tamb\u00e9 es poden reservar documents que estan en pr\u00e9stec. Es permeten dues reserves simult\u00e0nies per cada usuari.<\/p>\n<p>En quant a les pel\u00b7l\u00edcules, es poden visualitzar dues pel\u00b7l\u00edcules per dia.<br \/>\n<\/div>\n<\/div>\n<div class=\"tx-divider clearfix\" style=\"margin-top: 10px;margin-bottom: 10px\"><\/div>\n<h3>Recomanacions<\/h3>\n<div class=\"tx-row\">\n<div class=\"tx-column tx-column-size-1-2\">\n<h3>Adults<\/h3>\n<div class=\"tx-blog tx-post-row tx-masonry\"><div class=\"tx-blog-item tx-post-col-2\"><div class=\"tx-border-box\"><div class=\"tx-blog-img\"><a href=\"https:\/\/biblioteca.tianat.cat\/wp-content\/uploads\/2021\/09\/Amy-Winehouse.jpg\" class=\"tx-colorbox\"><img src=\"https:\/\/biblioteca.tianat.cat\/wp-content\/uploads\/2021\/09\/Amy-Winehouse-600x360.jpg\" alt=\"\" class=\"blog-image\" \/><\/a><span class=\"tx-post-comm\"><span>0<\/span><\/span><\/div><div class=\"tx-post-content\"><h3 class=\"tx-post-title\"><a href=\"https:\/\/biblioteca.tianat.cat\/?p=8628\">Amy Winehouse Stronger than her, de Susana Monteagudo<\/a><\/h3><div style=\"height: 16px;\"><\/div><div class=\"tx-blog-content\">Aquest \u00e9s un llibre per retre homenatge a la m\u00fasica. Est\u00e0 dedicat a la inoblidable cantant Amy Winehouse, una de les millors veus del jazz contemporani. \u00a0\u00c9s una biografia il\u00b7lustrada per rec\u00f3rrer<a class=\"moretag\" href=\"https:\/\/biblioteca.tianat.cat\/?p=8628\">Read More...<\/a><\/div><div class=\"tx-meta\"><span class=\"tx-author\">By : <a href=\"https:\/\/biblioteca.tianat.cat\/?author=1\">Biblioteca Can Baratau<\/a><\/span><span class=\"tx-date\"> | set. 14, 2021<\/span><\/div><\/div><\/div><\/div><div class=\"tx-blog-item tx-post-col-2\"><div class=\"tx-border-box\"><div class=\"tx-blog-img\"><a href=\"https:\/\/biblioteca.tianat.cat\/wp-content\/uploads\/2021\/08\/Carta-desconeguda.jpg\" class=\"tx-colorbox\"><img src=\"https:\/\/biblioteca.tianat.cat\/wp-content\/uploads\/2021\/08\/Carta-desconeguda-600x360.jpg\" alt=\"\" class=\"blog-image\" \/><\/a><span class=\"tx-post-comm\"><span>0<\/span><\/span><\/div><div class=\"tx-post-content\"><h3 class=\"tx-post-title\"><a href=\"https:\/\/biblioteca.tianat.cat\/?p=8617\">Carta d&#8217;una desconeguda, d&#8217;Stefan Zweig<\/a><\/h3><div style=\"height: 16px;\"><\/div><div class=\"tx-blog-content\">Stefan Zweig \u00e9s un dels grans escriptors del segle XX. &#8220;Carta d&#8217;una desconeguda&#8221; \u00e9s una novel\u00b7la curta, es pot llegir d&#8217;una sola tirada, per\u00f2 no us deixeu enganyar, encara que sembli poca<a class=\"moretag\" href=\"https:\/\/biblioteca.tianat.cat\/?p=8617\">Read More...<\/a><\/div><div class=\"tx-meta\"><span class=\"tx-author\">By : <a href=\"https:\/\/biblioteca.tianat.cat\/?author=1\">Biblioteca Can Baratau<\/a><\/span><span class=\"tx-date\"> | ag. 31, 2021<\/span><\/div><\/div><\/div><\/div><\/div><div class=\"nx-paging\"><div class=\"nx-paging-inner\"><span aria-current=\"page\" class=\"page-numbers current\">1<\/span>\n<a class=\"page-numbers\" href=\"https:\/\/biblioteca.tianat.cat\/index.php\/?paged=2&#038;rest_route=%2Fwp%2Fv2%2Fpages%2F7432\">2<\/a>\n<a class=\"page-numbers\" href=\"https:\/\/biblioteca.tianat.cat\/index.php\/?paged=3&#038;rest_route=%2Fwp%2Fv2%2Fpages%2F7432\">3<\/a>\n<span class=\"page-numbers dots\">&hellip;<\/span>\n<a class=\"page-numbers\" href=\"https:\/\/biblioteca.tianat.cat\/index.php\/?paged=12&#038;rest_route=%2Fwp%2Fv2%2Fpages%2F7432\">12<\/a>\n<a class=\"next page-numbers\" href=\"https:\/\/biblioteca.tianat.cat\/index.php\/?paged=2&#038;rest_route=%2Fwp%2Fv2%2Fpages%2F7432\">&raquo;<\/a><\/div><\/div><\/div>\n<div class=\"tx-column tx-column-size-1-4\">\n<h3>Juvenil<\/h3>\n<div class=\"tx-blog tx-post-row tx-masonry\"><div class=\"tx-blog-item tx-post-col-1\"><div class=\"tx-border-box\"><div class=\"tx-blog-img\"><a href=\"https:\/\/biblioteca.tianat.cat\/wp-content\/uploads\/2021\/11\/ultim-animal-salvatge.jpg\" class=\"tx-colorbox\"><img src=\"https:\/\/biblioteca.tianat.cat\/wp-content\/uploads\/2021\/11\/ultim-animal-salvatge-600x360.jpg\" alt=\"\" class=\"blog-image\" \/><\/a><span class=\"tx-post-comm\"><span>0<\/span><\/span><\/div><div class=\"tx-post-content\"><h3 class=\"tx-post-title\"><a href=\"https:\/\/biblioteca.tianat.cat\/?p=8822\">L\u2019\u00faltim animal salvatge de Piers Torday<\/a><\/h3><div style=\"height: 16px;\"><\/div><div class=\"tx-blog-content\">Piers Torday, escriptor infantil brit\u00e0nic, ens relata una hist\u00f2ria apocal\u00edptica protagonitzada per un nen, en Kester. Ell no ho sap, per\u00f2 no \u00e9s un noi normal, t\u00e9 dons extraordinaris, com parlar amb<a class=\"moretag\" href=\"https:\/\/biblioteca.tianat.cat\/?p=8822\">Read More...<\/a><\/div><div class=\"tx-meta\"><span class=\"tx-author\">By : <a href=\"https:\/\/biblioteca.tianat.cat\/?author=1\">Biblioteca Can Baratau<\/a><\/span><span class=\"tx-date\"> | nov. 19, 2021<\/span><\/div><\/div><\/div><\/div><\/div><div class=\"nx-paging\"><div class=\"nx-paging-inner\"><span aria-current=\"page\" class=\"page-numbers current\">1<\/span>\n<a class=\"page-numbers\" href=\"https:\/\/biblioteca.tianat.cat\/index.php\/?paged=2&#038;rest_route=%2Fwp%2Fv2%2Fpages%2F7432\">2<\/a>\n<a class=\"page-numbers\" href=\"https:\/\/biblioteca.tianat.cat\/index.php\/?paged=3&#038;rest_route=%2Fwp%2Fv2%2Fpages%2F7432\">3<\/a>\n<span class=\"page-numbers dots\">&hellip;<\/span>\n<a class=\"page-numbers\" href=\"https:\/\/biblioteca.tianat.cat\/index.php\/?paged=16&#038;rest_route=%2Fwp%2Fv2%2Fpages%2F7432\">16<\/a>\n<a class=\"next page-numbers\" href=\"https:\/\/biblioteca.tianat.cat\/index.php\/?paged=2&#038;rest_route=%2Fwp%2Fv2%2Fpages%2F7432\">&raquo;<\/a><\/div><\/div><\/div>\n<div class=\"tx-column tx-column-size-1-4\">\n<h3>Infantil<\/h3>\n<div class=\"tx-blog tx-post-row tx-masonry\"><div class=\"tx-blog-item tx-post-col-1\"><div class=\"tx-border-box\"><div class=\"tx-blog-img\"><a href=\"https:\/\/biblioteca.tianat.cat\/wp-content\/uploads\/2021\/10\/enola1.jpg\" class=\"tx-colorbox\"><img src=\"https:\/\/biblioteca.tianat.cat\/wp-content\/uploads\/2021\/10\/enola1-600x360.jpg\" alt=\"\" class=\"blog-image\" \/><\/a><span class=\"tx-post-comm\"><span>0<\/span><\/span><\/div><div class=\"tx-post-content\"><h3 class=\"tx-post-title\"><a href=\"https:\/\/biblioteca.tianat.cat\/?p=8750\">Enola Holmes y el misterio de la doble desaparici\u00f3n, de Serena Blasco<\/a><\/h3><div style=\"height: 16px;\"><\/div><div class=\"tx-blog-content\">Avui us fem arribar una s\u00e8rie de c\u00f2mics infantils, les aventures d\u2019Enola Holmes. Tot de misteris protagonitzats per una noia de catorze anys, llesta, intr\u00e8pida i valenta, que resoldr\u00e0 crims a l&#8217;al\u00e7ada<a class=\"moretag\" href=\"https:\/\/biblioteca.tianat.cat\/?p=8750\">Read More...<\/a><\/div><div class=\"tx-meta\"><span class=\"tx-author\">By : <a href=\"https:\/\/biblioteca.tianat.cat\/?author=1\">Biblioteca Can Baratau<\/a><\/span><span class=\"tx-date\"> | oct. 19, 2021<\/span><\/div><\/div><\/div><\/div><\/div><div class=\"nx-paging\"><div class=\"nx-paging-inner\"><span aria-current=\"page\" class=\"page-numbers current\">1<\/span>\n<a class=\"page-numbers\" href=\"https:\/\/biblioteca.tianat.cat\/index.php\/?paged=2&#038;rest_route=%2Fwp%2Fv2%2Fpages%2F7432\">2<\/a>\n<a class=\"page-numbers\" href=\"https:\/\/biblioteca.tianat.cat\/index.php\/?paged=3&#038;rest_route=%2Fwp%2Fv2%2Fpages%2F7432\">3<\/a>\n<span class=\"page-numbers dots\">&hellip;<\/span>\n<a class=\"page-numbers\" href=\"https:\/\/biblioteca.tianat.cat\/index.php\/?paged=19&#038;rest_route=%2Fwp%2Fv2%2Fpages%2F7432\">19<\/a>\n<a class=\"next page-numbers\" href=\"https:\/\/biblioteca.tianat.cat\/index.php\/?paged=2&#038;rest_route=%2Fwp%2Fv2%2Fpages%2F7432\">&raquo;<\/a><\/div><\/div><\/div>\n<\/div>\n<p>&nbsp;<\/p>\n","protected":false},"excerpt":{"rendered":"<p>Recomanacions &nbsp;<\/p>\n","protected":false},"author":8,"featured_media":8216,"parent":2329,"menu_order":0,"comment_status":"closed","ping_status":"closed","template":"page-sidebar.php","meta":[],"_links":{"self":[{"href":"https:\/\/biblioteca.tianat.cat\/index.php?rest_route=\/wp\/v2\/pages\/7432"}],"collection":[{"href":"https:\/\/biblioteca.tianat.cat\/index.php?rest_route=\/wp\/v2\/pages"}],"about":[{"href":"https:\/\/biblioteca.tianat.cat\/index.php?rest_route=\/wp\/v2\/types\/page"}],"author":[{"embeddable":true,"href":"https:\/\/biblioteca.tianat.cat\/index.php?rest_route=\/wp\/v2\/users\/8"}],"replies":[{"embeddable":true,"href":"https:\/\/biblioteca.tianat.cat\/index.php?rest_route=%2Fwp%2Fv2%2Fcomments&post=7432"}],"version-history":[{"count":42,"href":"https:\/\/biblioteca.tianat.cat\/index.php?rest_route=\/wp\/v2\/pages\/7432\/revisions"}],"predecessor-version":[{"id":8219,"href":"https:\/\/biblioteca.tianat.cat\/index.php?rest_route=\/wp\/v2\/pages\/7432\/revisions\/8219"}],"up":[{"embeddable":true,"href":"https:\/\/biblioteca.tianat.cat\/index.php?rest_route=\/wp\/v2\/pages\/2329"}],"wp:featuredmedia":[{"embeddable":true,"href":"https:\/\/biblioteca.tianat.cat\/index.php?rest_route=\/wp\/v2\/media\/8216"}],"wp:attachment":[{"href":"https:\/\/biblioteca.tianat.cat\/index.php?rest_route=%2Fwp%2Fv2%2Fmedia&parent=7432"}],"curies":[{"name":"wp","href":"https:\/\/api.w.org\/{rel}","templated":true}]}}