{"id":7588,"date":"2020-05-07T13:18:40","date_gmt":"2020-05-07T11:18:40","guid":{"rendered":"https:\/\/biblioteca.tianat.cat\/?page_id=7588"},"modified":"2024-02-02T18:06:21","modified_gmt":"2024-02-02T16:06:21","slug":"biblioterapia","status":"publish","type":"page","link":"https:\/\/biblioteca.tianat.cat\/?page_id=7588","title":{"rendered":"Tiana Llegim"},"content":{"rendered":"<div class=\"tx-row\"><\/div>\n<div class=\"tx-column tx-column-size-1-1\">\n<h3>Qu\u00e8\u00a0\u00e9s?<\/h3>\n<p>Tiana Llegim \u00e9s un projecte de l&#8217;Ajuntament de Tiana que pret\u00e9n apropar la lectura a tots els indrets de la vila i fer de Tiana un municipi lector.<\/p>\n<p>Aquest projecte es materialitza en tres l\u00ednees:<\/p>\n<ul>\n<li>Tiana Llegim, el <a href=\"https:\/\/biblioteca.tianat.cat\/?p=10377\">podcast<\/a> de la Biblioteca Can Baratau<\/li>\n<li>Presentacions de llibres<\/li>\n<li>Racons de lectura a diferents indrets del poble. Properament hi haur\u00e0 un rac\u00f3 de lectura al CAP<\/li>\n<li>Biblioter\u00e0pia o preescripci\u00f3 lectora:\n<ul>\n<li><span style=\"font-size: revert; color: initial;\">Els llibres ens conviden a parlar i analitzar situacions i emocions que a vegades ens poden resultar dif\u00edcils d&#8217;enfrontar. La biblioter\u00e0pia \u00e9s una xerrada sobre llibres, contes o novel\u00b7les de la literatura universal, que ens poden acompanyar especialment en determinats moments vitals per la tem\u00e0tica qu\u00e8 tracten. <\/span>Xerrades a c\u00e0rrec de Laura Garc\u00eda, de Booklife, periodista especialitzada en comunicaci\u00f3 liter\u00e0ria.<\/li>\n<\/ul>\n<\/li>\n<\/ul>\n<\/div>\n<div class=\"tx-column tx-column-size-1-1\">\n<h3><\/h3>\n<div class=\"tx-row\"><\/div>\n<div class=\"tx-column tx-column-size-1-2\"><\/div>\n<h3>Activitats<\/h3>\n<div class=\"tx-blog tx-post-row tx-masonry\"><div class=\"tx-blog-item tx-post-col-2\"><div class=\"tx-border-box\"><div class=\"tx-blog-img\"><a href=\"https:\/\/biblioteca.tianat.cat\/wp-content\/uploads\/2024\/02\/32marc.jpg\" class=\"tx-colorbox\"><img src=\"https:\/\/biblioteca.tianat.cat\/wp-content\/uploads\/2024\/02\/32marc-600x360.jpg\" alt=\"\" class=\"blog-image\" \/><\/a><span class=\"tx-post-comm\"><span>0<\/span><\/span><\/div><div class=\"tx-post-content\"><h3 class=\"tx-post-title\"><a href=\"https:\/\/biblioteca.tianat.cat\/?p=10712\">32 de mar\u00e7, de Xavier Bosch<\/a><\/h3><div style=\"height: 16px;\"><\/div><div class=\"tx-blog-content\">Divendres 16 de febrer, en el marc del projecte Tiana Llegim, ens visita Xavier Bosch per presentar la seva darrera novel\u00b7la: 32 de mar\u00e7. La Barbara, es trasllada a casa de la<a class=\"moretag\" href=\"https:\/\/biblioteca.tianat.cat\/?p=10712\">Read More...<\/a><\/div><div class=\"tx-meta\"><span class=\"tx-author\">By : <a href=\"https:\/\/biblioteca.tianat.cat\/?author=8\">Pilar Aznar<\/a><\/span><span class=\"tx-date\"> | febr. 12, 2024<\/span><\/div><\/div><\/div><\/div><div class=\"tx-blog-item tx-post-col-2\"><div class=\"tx-border-box\"><div class=\"tx-blog-img\"><a href=\"https:\/\/biblioteca.tianat.cat\/wp-content\/uploads\/2023\/11\/tiana-llegim.png\" class=\"tx-colorbox\"><img src=\"https:\/\/biblioteca.tianat.cat\/wp-content\/uploads\/2023\/11\/tiana-llegim-600x360.png\" alt=\"\" class=\"blog-image\" \/><\/a><span class=\"tx-post-comm\"><span>0<\/span><\/span><\/div><div class=\"tx-post-content\"><h3 class=\"tx-post-title\"><a href=\"https:\/\/biblioteca.tianat.cat\/?p=10724\">15 de febrer &#8211; Il\u00b7lusi\u00f3: Recomanaci\u00f3 liter\u00e0ria a la Llar de Persones Grans<\/a><\/h3><div style=\"height: 16px;\"><\/div><div class=\"tx-blog-content\">Aquest proper dijous 15 de febrer, a les 17:30, es dur\u00e0 a terme una recomanaci\u00f3 liter\u00e0ria a la Llar de Persones Grans de Tiana. Estar\u00e0 a c\u00e0rrec de Laura Garc\u00eda, de Booklife<a class=\"moretag\" href=\"https:\/\/biblioteca.tianat.cat\/?p=10724\">Read More...<\/a><\/div><div class=\"tx-meta\"><span class=\"tx-author\">By : <a href=\"https:\/\/biblioteca.tianat.cat\/?author=1\">Biblioteca Can Baratau<\/a><\/span><span class=\"tx-date\"> | febr. 12, 2024<\/span><\/div><\/div><\/div><\/div><\/div><div class=\"nx-paging\"><div class=\"nx-paging-inner\"><span aria-current=\"page\" class=\"page-numbers current\">1<\/span>\n<a class=\"page-numbers\" href=\"https:\/\/biblioteca.tianat.cat\/index.php\/?paged=2&#038;rest_route=%2Fwp%2Fv2%2Fpages%2F7588\">2<\/a>\n<a class=\"page-numbers\" href=\"https:\/\/biblioteca.tianat.cat\/index.php\/?paged=3&#038;rest_route=%2Fwp%2Fv2%2Fpages%2F7588\">3<\/a>\n<span class=\"page-numbers dots\">&hellip;<\/span>\n<a class=\"page-numbers\" href=\"https:\/\/biblioteca.tianat.cat\/index.php\/?paged=10&#038;rest_route=%2Fwp%2Fv2%2Fpages%2F7588\">10<\/a>\n<a class=\"next page-numbers\" href=\"https:\/\/biblioteca.tianat.cat\/index.php\/?paged=2&#038;rest_route=%2Fwp%2Fv2%2Fpages%2F7588\">&raquo;<\/a><\/div><\/div><\/div>\n<div class=\"tx-column tx-column-size-1-4\"><\/div>\n<h3><\/h3>\n","protected":false},"excerpt":{"rendered":"","protected":false},"author":8,"featured_media":10412,"parent":2329,"menu_order":0,"comment_status":"closed","ping_status":"closed","template":"","meta":[],"_links":{"self":[{"href":"https:\/\/biblioteca.tianat.cat\/index.php?rest_route=\/wp\/v2\/pages\/7588"}],"collection":[{"href":"https:\/\/biblioteca.tianat.cat\/index.php?rest_route=\/wp\/v2\/pages"}],"about":[{"href":"https:\/\/biblioteca.tianat.cat\/index.php?rest_route=\/wp\/v2\/types\/page"}],"author":[{"embeddable":true,"href":"https:\/\/biblioteca.tianat.cat\/index.php?rest_route=\/wp\/v2\/users\/8"}],"replies":[{"embeddable":true,"href":"https:\/\/biblioteca.tianat.cat\/index.php?rest_route=%2Fwp%2Fv2%2Fcomments&post=7588"}],"version-history":[{"count":10,"href":"https:\/\/biblioteca.tianat.cat\/index.php?rest_route=\/wp\/v2\/pages\/7588\/revisions"}],"predecessor-version":[{"id":10711,"href":"https:\/\/biblioteca.tianat.cat\/index.php?rest_route=\/wp\/v2\/pages\/7588\/revisions\/10711"}],"up":[{"embeddable":true,"href":"https:\/\/biblioteca.tianat.cat\/index.php?rest_route=\/wp\/v2\/pages\/2329"}],"wp:featuredmedia":[{"embeddable":true,"href":"https:\/\/biblioteca.tianat.cat\/index.php?rest_route=\/wp\/v2\/media\/10412"}],"wp:attachment":[{"href":"https:\/\/biblioteca.tianat.cat\/index.php?rest_route=%2Fwp%2Fv2%2Fmedia&parent=7588"}],"curies":[{"name":"wp","href":"https:\/\/api.w.org\/{rel}","templated":true}]}}