{"id":8637,"date":"2021-09-21T18:42:11","date_gmt":"2021-09-21T16:42:11","guid":{"rendered":"https:\/\/biblioteca.tianat.cat\/?page_id=8637"},"modified":"2025-09-04T17:52:50","modified_gmt":"2025-09-04T15:52:50","slug":"llegir-teatre","status":"publish","type":"page","link":"https:\/\/biblioteca.tianat.cat\/?page_id=8637","title":{"rendered":"Llegir el teatre"},"content":{"rendered":"<div class=\"tx-row\">\n<div class=\"tx-column tx-column-size-1-3\">\n<h3>Qu\u00e8, qui, quan?<\/h3>\n<p>Llegir el teatre \u00e9s un de Club de lectura mensual. Est\u00e0 vinculat a la programaci\u00f3 del Teatre Nacional de Catalunya, ja que les obres que es llegeixen al club s\u00f3n representades al TNC.<\/p>\n<p>De setembre a maig, l&#8217;\u00faltim dimecres de cada mes, a les 18:45 h.<br \/>\nCoordinat per l&#8217;Elisenda Guiu<strong>.<\/strong><\/p>\n<p>Elisenda Guiu \u00e9s escriptora i activista cultural, autora d\u2019una vintena de textos de teatre i narrativa, entre els quals ha publicat el conte El ra\u00efm inquiet, o les obres El naixement i Explica\u2019m un conte. Premi Ciutat de Tarragona de Gui\u00f3 de ficci\u00f3 radiof\u00f2nica per Indigesti\u00f3, estrenada a la Sala Trono. Actualment, condueix diversos tallers d\u2019escriptura i clubs de lectura teatral del Maresme.<strong><br \/>\n<a href=\"http:\/\/www.elisendaguiu.com\">www.elisendaguiu.com<\/a><\/strong><\/p>\n<\/div>\n<div class=\"tx-column tx-column-size-1-3\">\n<h3>Lectures 2025-2026<\/h3>\n<ul>\n<li><em><a href=\"https:\/\/www.tnc.cat\/ca\/boira\">Boira<\/a> \/ <\/em>Llu\u00efsa Cunill\u00e9 &#8211; 29 d&#8217;octubre\u00a0<em><br \/>\n<\/em><\/li>\n<li><a href=\"https:\/\/www.tnc.cat\/ca\/tarsius\"><em>T\u00e0rsius<\/em><\/a> \/ Lara D\u00edez Quintanilla &#8211; 26 de novembre<\/li>\n<li><a href=\"https:\/\/www.tnc.cat\/ca\/la-corona-d-espines\"><em>La corona d&#8217;espines<\/em><\/a> \/ J. M. Segarra <em>&#8211; <\/em>17 de desembre<\/li>\n<li><a href=\"https:\/\/www.tnc.cat\/ca\/maria-magdalena\"><em>Maria Magdalena<\/em><\/a> \/ Michael de Cock <em>&#8211; <\/em>28 de gener<\/li>\n<li><a href=\"https:\/\/www.tnc.cat\/ca\/la-reina-lloba\"><em>La reina lloba<\/em><\/a> \/ Pau Carri\u00f3 &#8211; 25 de febrer<\/li>\n<li><a href=\"https:\/\/www.tnc.cat\/ca\/edip-antigona\"><em>\u00c8dip rei i Ant\u00edgona<\/em><\/a>\/ S\u00f2focles &#8211; 25 de mar\u00e7<\/li>\n<li><a href=\"https:\/\/www.tnc.cat\/ca\/la-tercera-fuga\"><em>El firmament<\/em><\/a> \/ Lucy Kirkwood &#8211; 29 d&#8217;abril<\/li>\n<li>Trobada de clubs <em>&#8211; <\/em>23 de maig<\/li>\n<\/ul>\n<\/div>\n<div class=\"tx-column tx-column-size-1-3\">\n<h3>Com hi participo?<\/h3>\n<p>\u00c9s una activitat gratu\u00efta, es demana comprom\u00eds d&#8217;assist\u00e8ncia.<\/p>\n<p>Les preinscripcions s&#8217;han d&#8217;introduir<br \/>\n<a href=\"https:\/\/docs.google.com\/forms\/d\/e\/1FAIpQLSfPZJSiuFmF_JfhnqOXCo1nfNrFe_3xDS1g8QDeJOeaflZZDw\/viewform?usp=header\"><strong>al seg\u00fcent formulari<\/strong><\/a>.<\/p>\n<p>Les places s\u00f3n limitades.<br \/>\nS&#8217;enviar\u00e0 per correu electr\u00f2nic una confirmaci\u00f3 a les persones inscrites.<\/p>\n<p>Despr\u00e9s nom\u00e9s cal que\u00a0gaudeixis de la lectura!<\/p>\n<\/div>\n<\/div>\n<div class=\"tx-divider clearfix\" style=\"margin-top: 10px;margin-bottom: 10px\"><\/div>\n<h3>Lectures<\/h3>\n<div class=\"tx-blog tx-post-row tx-masonry\"><div class=\"tx-blog-item tx-post-col-4\"><div class=\"tx-border-box\"><div class=\"tx-blog-img\"><a href=\"https:\/\/biblioteca.tianat.cat\/wp-content\/uploads\/2026\/03\/Club-lectura-teatre-BV.jpg\" class=\"tx-colorbox\"><img src=\"https:\/\/biblioteca.tianat.cat\/wp-content\/uploads\/2026\/03\/Club-lectura-teatre-BV-600x360.jpg\" alt=\"\" class=\"blog-image\" \/><\/a><span class=\"tx-post-comm\"><span>0<\/span><\/span><\/div><div class=\"tx-post-content\"><h3 class=\"tx-post-title\"><a href=\"https:\/\/biblioteca.tianat.cat\/?p=12404\">Club Llegir el teatre: El firmament, de Lucy Kirwood<\/a><\/h3><div style=\"height: 16px;\"><\/div><div class=\"tx-blog-content\">Dimecres 29 d&#8217;abril a les 18.45 h. Acabem el mes d&#8217;abril amb una nova sessi\u00f3 del club de lectura de Llegir el teatre. Aquest cop comentarem el llibre de Lucy Kirwood, El<a class=\"moretag\" href=\"https:\/\/biblioteca.tianat.cat\/?p=12404\">Read More...<\/a><\/div><div class=\"tx-meta\"><span class=\"tx-author\">By : <a href=\"https:\/\/biblioteca.tianat.cat\/?author=4\">Marta Huguet<\/a><\/span><span class=\"tx-date\"> | mar\u00e7 28, 2026<\/span><\/div><\/div><\/div><\/div><div class=\"tx-blog-item tx-post-col-4\"><div class=\"tx-border-box\"><div class=\"tx-blog-img\"><a href=\"https:\/\/biblioteca.tianat.cat\/wp-content\/uploads\/2026\/02\/CLUB-LLEGIR-EL-TEATRE-2.jpg\" class=\"tx-colorbox\"><img src=\"https:\/\/biblioteca.tianat.cat\/wp-content\/uploads\/2026\/02\/CLUB-LLEGIR-EL-TEATRE-2-600x360.jpg\" alt=\"\" class=\"blog-image\" \/><\/a><span class=\"tx-post-comm\"><span>0<\/span><\/span><\/div><div class=\"tx-post-content\"><h3 class=\"tx-post-title\"><a href=\"https:\/\/biblioteca.tianat.cat\/?p=12359\">Club Llegir el teatre: Edip rei i Ant\u00edgona, de S\u00f2focles<\/a><\/h3><div style=\"height: 16px;\"><\/div><div class=\"tx-blog-content\">Dimecres 25 de mar\u00e7 a les 18.45 h. \u00daltim dimecres de mes, una nova troba trobada del Club Llegir el teatre. Aquest cop la coordinadora del club, Elisenda Guiu, ens endinsa en<a class=\"moretag\" href=\"https:\/\/biblioteca.tianat.cat\/?p=12359\">Read More...<\/a><\/div><div class=\"tx-meta\"><span class=\"tx-author\">By : <a href=\"https:\/\/biblioteca.tianat.cat\/?author=4\">Marta Huguet<\/a><\/span><span class=\"tx-date\"> | febr. 26, 2026<\/span><\/div><\/div><\/div><\/div><div class=\"tx-blog-item tx-post-col-4\"><div class=\"tx-border-box\"><div class=\"tx-blog-img\"><a href=\"https:\/\/biblioteca.tianat.cat\/wp-content\/uploads\/2026\/02\/llegir-teatre-bv-1.jpg\" class=\"tx-colorbox\"><img src=\"https:\/\/biblioteca.tianat.cat\/wp-content\/uploads\/2026\/02\/llegir-teatre-bv-1-600x360.jpg\" alt=\"\" class=\"blog-image\" \/><\/a><span class=\"tx-post-comm\"><span>0<\/span><\/span><\/div><div class=\"tx-post-content\"><h3 class=\"tx-post-title\"><a href=\"https:\/\/biblioteca.tianat.cat\/?p=12306\">Club Llegir el teatre: La reina lloba, de Pau Carri\u00f3<\/a><\/h3><div style=\"height: 16px;\"><\/div><div class=\"tx-blog-content\">Dimecres 25 de febrer a les 18.45 h. Acabem el mes de febrer amb una nova trobada del club de lectura de teatre, on tractarem l&#8217;obra: La reina lloba, de Pau Carri\u00f3.<a class=\"moretag\" href=\"https:\/\/biblioteca.tianat.cat\/?p=12306\">Read More...<\/a><\/div><div class=\"tx-meta\"><span class=\"tx-author\">By : <a href=\"https:\/\/biblioteca.tianat.cat\/?author=4\">Marta Huguet<\/a><\/span><span class=\"tx-date\"> | febr. 2, 2026<\/span><\/div><\/div><\/div><\/div><div class=\"tx-blog-item tx-post-col-4\"><div class=\"tx-border-box\"><div class=\"tx-blog-img\"><a href=\"https:\/\/biblioteca.tianat.cat\/wp-content\/uploads\/2025\/12\/maria-magdalena.png\" class=\"tx-colorbox\"><img src=\"https:\/\/biblioteca.tianat.cat\/wp-content\/uploads\/2025\/12\/maria-magdalena-600x360.png\" alt=\"\" class=\"blog-image\" \/><\/a><span class=\"tx-post-comm\"><span>0<\/span><\/span><\/div><div class=\"tx-post-content\"><h3 class=\"tx-post-title\"><a href=\"https:\/\/biblioteca.tianat.cat\/?p=12262\">Club Llegir el teatre: Maria Magdalena, de Michael de Cock<\/a><\/h3><div style=\"height: 16px;\"><\/div><div class=\"tx-blog-content\">Dimecres 28 de gener a les 18.45 h. Acabem el mes de gener amb una nova trobada del club Llegir el teatre, condu\u00eft per Elisenda Guiu. Aquest mes de gener ens endinsarem<a class=\"moretag\" href=\"https:\/\/biblioteca.tianat.cat\/?p=12262\">Read More...<\/a><\/div><div class=\"tx-meta\"><span class=\"tx-author\">By : <a href=\"https:\/\/biblioteca.tianat.cat\/?author=4\">Marta Huguet<\/a><\/span><span class=\"tx-date\"> | des. 30, 2025<\/span><\/div><\/div><\/div><\/div><\/div><div class=\"nx-paging\"><div class=\"nx-paging-inner\"><span aria-current=\"page\" class=\"page-numbers current\">1<\/span>\n<a class=\"page-numbers\" href=\"https:\/\/biblioteca.tianat.cat\/index.php\/?paged=2&#038;rest_route=%2Fwp%2Fv2%2Fpages%2F8637\">2<\/a>\n<a class=\"page-numbers\" href=\"https:\/\/biblioteca.tianat.cat\/index.php\/?paged=3&#038;rest_route=%2Fwp%2Fv2%2Fpages%2F8637\">3<\/a>\n<a class=\"page-numbers\" href=\"https:\/\/biblioteca.tianat.cat\/index.php\/?paged=4&#038;rest_route=%2Fwp%2Fv2%2Fpages%2F8637\">4<\/a>\n<a class=\"next page-numbers\" href=\"https:\/\/biblioteca.tianat.cat\/index.php\/?paged=2&#038;rest_route=%2Fwp%2Fv2%2Fpages%2F8637\">&raquo;<\/a><\/div><\/div>\n","protected":false},"excerpt":{"rendered":"<p>Lectures<\/p>\n","protected":false},"author":8,"featured_media":8638,"parent":2329,"menu_order":0,"comment_status":"closed","ping_status":"closed","template":"","meta":[],"_links":{"self":[{"href":"https:\/\/biblioteca.tianat.cat\/index.php?rest_route=\/wp\/v2\/pages\/8637"}],"collection":[{"href":"https:\/\/biblioteca.tianat.cat\/index.php?rest_route=\/wp\/v2\/pages"}],"about":[{"href":"https:\/\/biblioteca.tianat.cat\/index.php?rest_route=\/wp\/v2\/types\/page"}],"author":[{"embeddable":true,"href":"https:\/\/biblioteca.tianat.cat\/index.php?rest_route=\/wp\/v2\/users\/8"}],"replies":[{"embeddable":true,"href":"https:\/\/biblioteca.tianat.cat\/index.php?rest_route=%2Fwp%2Fv2%2Fcomments&post=8637"}],"version-history":[{"count":18,"href":"https:\/\/biblioteca.tianat.cat\/index.php?rest_route=\/wp\/v2\/pages\/8637\/revisions"}],"predecessor-version":[{"id":12092,"href":"https:\/\/biblioteca.tianat.cat\/index.php?rest_route=\/wp\/v2\/pages\/8637\/revisions\/12092"}],"up":[{"embeddable":true,"href":"https:\/\/biblioteca.tianat.cat\/index.php?rest_route=\/wp\/v2\/pages\/2329"}],"wp:featuredmedia":[{"embeddable":true,"href":"https:\/\/biblioteca.tianat.cat\/index.php?rest_route=\/wp\/v2\/media\/8638"}],"wp:attachment":[{"href":"https:\/\/biblioteca.tianat.cat\/index.php?rest_route=%2Fwp%2Fv2%2Fmedia&parent=8637"}],"curies":[{"name":"wp","href":"https:\/\/api.w.org\/{rel}","templated":true}]}}