{"id":9439,"date":"2022-11-25T18:11:18","date_gmt":"2022-11-25T16:11:18","guid":{"rendered":"https:\/\/biblioteca.tianat.cat\/?page_id=9439"},"modified":"2026-02-26T17:40:31","modified_gmt":"2026-02-26T15:40:31","slug":"club-del-gomet-verd","status":"publish","type":"page","link":"https:\/\/biblioteca.tianat.cat\/?page_id=9439","title":{"rendered":"Club del gomet verd: club de lectura infantil"},"content":{"rendered":"<div class=\"tx-row\">\n<div class=\"tx-column tx-column-size-1-3\">\n<h3>Qu\u00e8 \u00e8s El club del gomet verd?<\/h3>\n<p>El Club del gomet verd \u00e9s un Club de lectura mensual adre\u00e7at a nens i nenes entre 10 i 12 anys. El nostre objectiu \u00e9s el de crear un grup din\u00e0mic on llegim llibres, els comentem i fem activitats dinamitzadores que ens faran passar una estona ben divertida i ens ajudaran a fer amics.<\/p>\n<p>Si t&#8217;agrada llegir, vols endinsar-te en hist\u00f2ries fant\u00e0stiques i compartir amb companys i companyes les teves lectures, no t&#8217;ho pensis m\u00e9s! Aquest \u00e9s el teu club.<\/p>\n<p>Aquest club el coordina na Marta Huguet. Les trobades seran sempre <strong>cada segon divendres de mes, a les 18 h.<\/strong><br \/>\n<\/div>\n<div class=\"tx-column tx-column-size-1-3\">\n<h3>Agenda curs 2025-2026:<\/h3>\n<p>\u2013 <em>Invisible, <\/em>d&#8217;Eloy Moreno. 19 de setembre 2025<br \/>\n<em>\u00a0&#8211; Cors de gofra,<\/em> de Maria Parr. 10 d\u2019octubre 2025<br \/>\n\u2013 <em>Wolfgang, <\/em>de Laia Aguilar. 21 de novembre 2025<br \/>\n\u2013 <em>Ghost,<\/em> de Jason Reynolds. 12 de desembre 2025<br \/>\n\u2013 <em>Coraline, <\/em>de Neil Gaiman. 9 de gener 2026<br \/>\n\u2013\u00a0<em>Criatures impossibles<\/em>, de Katherine Rundell.13 de febrer 2026<br \/>\n\u2013 <em>Lluny del m\u00f3n, <\/em>de K. P. Kavafis. 13 de mar\u00e7 2026<br \/>\n\u2013 <em>El llop, <\/em>de Sasa Stanisic . 10 d\u2019abril 2026<br \/>\n\u2013 <em>Poni<\/em>, de J. R. Palacio. 8 de maig 2026<br \/>\n\u2013 <em>Les bruixes de Brooklyn,<\/em> de Sophie Escabasse. 12 de juny 2026<\/p>\n<\/div>\n<div class=\"tx-column tx-column-size-1-3\">\n<h3>Com hi participo?<\/h3>\n<p>\u00c9s una activitat gratu\u00efta, per\u00f2 es demana comprom\u00eds d&#8217;assist\u00e8ncia.<\/p>\n<p>Les preinscripcions s&#8217;han d&#8217;introduir<br \/>\n<a href=\"https:\/\/docs.google.com\/forms\/d\/e\/1FAIpQLSclTne-6H-_oD6StMMCEFnUeMZNVB-3Io_n1z3n4Npa0bQtJw\/viewform?usp=header\"><strong>al seg\u00fcent formulari<\/strong><\/a>.<\/p>\n<p>S&#8217;enviar\u00e0 per correu electr\u00f2nic una confirmaci\u00f3 a les persones inscrites.<\/p>\n<\/div>\n<\/div>\n<div class=\"tx-divider clearfix\" style=\"margin-top: 10px;margin-bottom: 10px\"><\/div>\n<h3>Les properes sessions<\/h3>\n<div class=\"tx-blog tx-post-row tx-masonry\"><div class=\"tx-blog-item tx-post-col-4\"><div class=\"tx-border-box\"><div class=\"tx-blog-img\"><a href=\"https:\/\/biblioteca.tianat.cat\/wp-content\/uploads\/2026\/03\/CLUB-DE-LECTURA-GOMET-VERMELL-bv-1-1.jpg\" class=\"tx-colorbox\"><img src=\"https:\/\/biblioteca.tianat.cat\/wp-content\/uploads\/2026\/03\/CLUB-DE-LECTURA-GOMET-VERMELL-bv-1-1-600x360.jpg\" alt=\"\" class=\"blog-image\" \/><\/a><span class=\"tx-post-comm\"><span>0<\/span><\/span><\/div><div class=\"tx-post-content\"><h3 class=\"tx-post-title\"><a href=\"https:\/\/biblioteca.tianat.cat\/?p=12398\">El llop, de Sasa Stanisic<\/a><\/h3><div style=\"height: 16px;\"><\/div><div class=\"tx-blog-content\">Divendres 9 d&#8217;abril a les 18 h. Un divendres m\u00e9s, una sessi\u00f3 del club de lectura infantil del gomet verd. Una sessi\u00f3, on comentarem el llibre de Sasa Stanisic, El llop. El<a class=\"moretag\" href=\"https:\/\/biblioteca.tianat.cat\/?p=12398\">Read More...<\/a><\/div><div class=\"tx-meta\"><span class=\"tx-author\">By : <a href=\"https:\/\/biblioteca.tianat.cat\/?author=4\">Marta Huguet<\/a><\/span><span class=\"tx-date\"> | mar\u00e7 28, 2026<\/span><\/div><\/div><\/div><\/div><div class=\"tx-blog-item tx-post-col-4\"><div class=\"tx-border-box\"><div class=\"tx-blog-img\"><a href=\"https:\/\/biblioteca.tianat.cat\/wp-content\/uploads\/2026\/02\/CLUB-DE-LECTURA-INFANTIL-verd-bv.jpg\" class=\"tx-colorbox\"><img src=\"https:\/\/biblioteca.tianat.cat\/wp-content\/uploads\/2026\/02\/CLUB-DE-LECTURA-INFANTIL-verd-bv-600x360.jpg\" alt=\"\" class=\"blog-image\" \/><\/a><span class=\"tx-post-comm\"><span>0<\/span><\/span><\/div><div class=\"tx-post-content\"><h3 class=\"tx-post-title\"><a href=\"https:\/\/biblioteca.tianat.cat\/?p=12348\">Lluny del m\u00f3n, de K. P. Kavafis<\/a><\/h3><div style=\"height: 16px;\"><\/div><div class=\"tx-blog-content\">Divendres 13 de mar\u00e7 a les 18 h. Un nou mes, mar\u00e7, una nova trobada del club de lectura del gomet verd. Una trobada on compartirem i ens endinsarem en la lectura<a class=\"moretag\" href=\"https:\/\/biblioteca.tianat.cat\/?p=12348\">Read More...<\/a><\/div><div class=\"tx-meta\"><span class=\"tx-author\">By : <a href=\"https:\/\/biblioteca.tianat.cat\/?author=4\">Marta Huguet<\/a><\/span><span class=\"tx-date\"> | febr. 26, 2026<\/span><\/div><\/div><\/div><\/div><div class=\"tx-blog-item tx-post-col-4\"><div class=\"tx-border-box\"><div class=\"tx-blog-img\"><a href=\"https:\/\/biblioteca.tianat.cat\/wp-content\/uploads\/2026\/02\/61h8pBvvrgL._AC_UF10001000_QL80_.jpg\" class=\"tx-colorbox\"><img src=\"https:\/\/biblioteca.tianat.cat\/wp-content\/uploads\/2026\/02\/61h8pBvvrgL._AC_UF10001000_QL80_-600x360.jpg\" alt=\"\" class=\"blog-image\" \/><\/a><span class=\"tx-post-comm\"><span>0<\/span><\/span><\/div><div class=\"tx-post-content\"><h3 class=\"tx-post-title\"><a href=\"https:\/\/biblioteca.tianat.cat\/?p=12298\">Critatures impossibles, de Katherine Rundell<\/a><\/h3><div style=\"height: 16px;\"><\/div><div class=\"tx-blog-content\">Divendres 13 de febrer a les 18 h. Un divendres m\u00e9s, una nova sessi\u00f3 del club de lectura del gomet verd, on compartirem la lectura de Criatures impossibles, de Katherine Rundell. Un<a class=\"moretag\" href=\"https:\/\/biblioteca.tianat.cat\/?p=12298\">Read More...<\/a><\/div><div class=\"tx-meta\"><span class=\"tx-author\">By : <a href=\"https:\/\/biblioteca.tianat.cat\/?author=4\">Marta Huguet<\/a><\/span><span class=\"tx-date\"> | febr. 2, 2026<\/span><\/div><\/div><\/div><\/div><div class=\"tx-blog-item tx-post-col-4\"><div class=\"tx-border-box\"><div class=\"tx-blog-img\"><a href=\"https:\/\/biblioteca.tianat.cat\/wp-content\/uploads\/2025\/12\/coraline.jpg\" class=\"tx-colorbox\"><img src=\"https:\/\/biblioteca.tianat.cat\/wp-content\/uploads\/2025\/12\/coraline-600x360.jpg\" alt=\"\" class=\"blog-image\" \/><\/a><span class=\"tx-post-comm\"><span>0<\/span><\/span><\/div><div class=\"tx-post-content\"><h3 class=\"tx-post-title\"><a href=\"https:\/\/biblioteca.tianat.cat\/?p=12255\">Coraline, de Neil Gaiman<\/a><\/h3><div style=\"height: 16px;\"><\/div><div class=\"tx-blog-content\">Divendres 9 de gener a les 18 h. Un cop acabades les festes, tornem a recuperar la lectura i acabem la setmana amb una nova sessi\u00f3 del club de lectura del gomet<a class=\"moretag\" href=\"https:\/\/biblioteca.tianat.cat\/?p=12255\">Read More...<\/a><\/div><div class=\"tx-meta\"><span class=\"tx-author\">By : <a href=\"https:\/\/biblioteca.tianat.cat\/?author=4\">Marta Huguet<\/a><\/span><span class=\"tx-date\"> | des. 30, 2025<\/span><\/div><\/div><\/div><\/div><\/div><div class=\"nx-paging\"><div class=\"nx-paging-inner\"><span aria-current=\"page\" class=\"page-numbers current\">1<\/span>\n<a class=\"page-numbers\" href=\"https:\/\/biblioteca.tianat.cat\/index.php\/?paged=2&#038;rest_route=%2Fwp%2Fv2%2Fpages%2F9439\">2<\/a>\n<a class=\"page-numbers\" href=\"https:\/\/biblioteca.tianat.cat\/index.php\/?paged=3&#038;rest_route=%2Fwp%2Fv2%2Fpages%2F9439\">3<\/a>\n<span class=\"page-numbers dots\">&hellip;<\/span>\n<a class=\"page-numbers\" href=\"https:\/\/biblioteca.tianat.cat\/index.php\/?paged=5&#038;rest_route=%2Fwp%2Fv2%2Fpages%2F9439\">5<\/a>\n<a class=\"next page-numbers\" href=\"https:\/\/biblioteca.tianat.cat\/index.php\/?paged=2&#038;rest_route=%2Fwp%2Fv2%2Fpages%2F9439\">&raquo;<\/a><\/div><\/div>\n","protected":false},"excerpt":{"rendered":"<p>Les properes sessions<\/p>\n","protected":false},"author":8,"featured_media":0,"parent":2223,"menu_order":0,"comment_status":"closed","ping_status":"closed","template":"","meta":[],"_links":{"self":[{"href":"https:\/\/biblioteca.tianat.cat\/index.php?rest_route=\/wp\/v2\/pages\/9439"}],"collection":[{"href":"https:\/\/biblioteca.tianat.cat\/index.php?rest_route=\/wp\/v2\/pages"}],"about":[{"href":"https:\/\/biblioteca.tianat.cat\/index.php?rest_route=\/wp\/v2\/types\/page"}],"author":[{"embeddable":true,"href":"https:\/\/biblioteca.tianat.cat\/index.php?rest_route=\/wp\/v2\/users\/8"}],"replies":[{"embeddable":true,"href":"https:\/\/biblioteca.tianat.cat\/index.php?rest_route=%2Fwp%2Fv2%2Fcomments&post=9439"}],"version-history":[{"count":21,"href":"https:\/\/biblioteca.tianat.cat\/index.php?rest_route=\/wp\/v2\/pages\/9439\/revisions"}],"predecessor-version":[{"id":12349,"href":"https:\/\/biblioteca.tianat.cat\/index.php?rest_route=\/wp\/v2\/pages\/9439\/revisions\/12349"}],"up":[{"embeddable":true,"href":"https:\/\/biblioteca.tianat.cat\/index.php?rest_route=\/wp\/v2\/pages\/2223"}],"wp:attachment":[{"href":"https:\/\/biblioteca.tianat.cat\/index.php?rest_route=%2Fwp%2Fv2%2Fmedia&parent=9439"}],"curies":[{"name":"wp","href":"https:\/\/api.w.org\/{rel}","templated":true}]}}